{"id":160448,"date":"2025-09-19T08:53:08","date_gmt":"2025-09-19T08:53:08","guid":{"rendered":"https:\/\/supersnow.pl\/systemy\/"},"modified":"2025-11-20T19:46:03","modified_gmt":"2025-11-20T19:46:03","slug":"systemy","status":"publish","type":"page","link":"https:\/\/www.supersnow.com\/cs\/systemy\/","title":{"rendered":"Syst\u00e9my"},"content":{"rendered":"<div class=\"wpb-content-wrapper\"><p>[vc_row row_height_percent=&#8220;0&#8243; overlay_alpha=&#8220;50&#8243; gutter_size=&#8220;3&#8243; column_width_percent=&#8220;100&#8243; shift_y=&#8220;0&#8243; z_index=&#8220;0&#8243; content_parallax=&#8220;0&#8243; uncode_shortcode_id=&#8220;818396&#8243; row_height_pixel=&#8220;574px&#8220;][vc_column width=&#8220;1\/1&#8243;][vc_row_inner][vc_column_inner column_width_percent=&#8220;100&#8243; align_horizontal=&#8220;align_center&#8220; gutter_size=&#8220;3&#8243; overlay_alpha=&#8220;50&#8243; shift_x=&#8220;0&#8243; shift_y=&#8220;0&#8243; shift_y_down=&#8220;0&#8243; z_index=&#8220;0&#8243; medium_width=&#8220;0&#8243; mobile_width=&#8220;0&#8243; width=&#8220;1\/1&#8243; uncode_shortcode_id=&#8220;223086&#8243;][vc_custom_heading heading_semantic=&#8220;h1&#8243; text_size=&#8220;h1&#8243; text_transform=&#8220;uppercase&#8220; uncode_shortcode_id=&#8220;229030&#8243;]Syst\u00e9my[\/vc_custom_heading][\/vc_column_inner][\/vc_row_inner][vc_row_inner][vc_column_inner column_width_use_pixel=&#8220;yes&#8220; align_horizontal=&#8220;align_center&#8220; gutter_size=&#8220;3&#8243; overlay_alpha=&#8220;50&#8243; shift_x=&#8220;0&#8243; shift_y=&#8220;0&#8243; shift_y_down=&#8220;0&#8243; z_index=&#8220;0&#8243; medium_width=&#8220;0&#8243; mobile_width=&#8220;0&#8243; width=&#8220;1\/1&#8243; uncode_shortcode_id=&#8220;519642&#8243; column_width_pixel=&#8220;720&#8243;][vc_column_text uncode_shortcode_id=&#8220;212008&#8243;]Zasn\u011b\u017eovac\u00ed syst\u00e9my SUPERSNOW p\u0159edstavuj\u00ed kompletn\u00ed technickou infrastrukturu v\u010detn\u011b \u010derpac\u00edch stanic, potrub\u00ed, nap\u00e1jen\u00ed, automatizace a zasn\u011b\u017eovac\u00edch za\u0159\u00edzen\u00ed pot\u0159ebn\u00fdch pro provozn\u00ed provoz ly\u017ea\u0159sk\u00e9ho st\u0159ediska. D\u00edky individu\u00e1ln\u00edmu n\u00e1vrhu a integraci v\u0161ech komponent\u016f zaji\u0161\u0165uje syst\u00e9m \u0159\u00edzenou a efektivn\u00ed v\u00fdrobu technick\u00e9ho sn\u011bhu za v\u0161ech podm\u00ednek.[\/vc_column_text][vc_button button_color=&#8220;color-jevc&#8220; border_width=&#8220;0&#8243; button_color_type=&#8220;uncode-palette&#8220; uncode_shortcode_id=&#8220;154757&#8243;]Spojte se s n\u00e1mi[\/vc_button][\/vc_column_inner][\/vc_row_inner][\/vc_column][\/vc_row][vc_row][vc_column column_width_percent=&#8220;100&#8243; align_horizontal=&#8220;align_center&#8220; gutter_size=&#8220;4&#8243; overlay_alpha=&#8220;50&#8243; shift_x=&#8220;0&#8243; shift_y=&#8220;0&#8243; shift_y_down=&#8220;0&#8243; z_index=&#8220;0&#8243; medium_width=&#8220;0&#8243; mobile_width=&#8220;0&#8243; width=&#8220;1\/1&#8243; uncode_shortcode_id=&#8220;105442&#8243;][vc_row_inner][vc_column_inner width=&#8220;2\/3&#8243;][vc_custom_heading heading_semantic=&#8220;h3&#8243; text_size=&#8220;h3&#8243; uncode_shortcode_id=&#8220;122102&#8243;]Syst\u00e9my a design[\/vc_custom_heading][vc_column_text uncode_shortcode_id=&#8220;170159&#8243;]N\u00e1vrh zasn\u011b\u017eovac\u00edch syst\u00e9m\u016f ve spole\u010dnosti SUPERSNOW je proces zalo\u017een\u00fd na anal\u00fdze m\u00edstn\u00edch podm\u00ednek, kontrole v ter\u00e9nu a individu\u00e1ln\u00edm v\u00fdb\u011bru technick\u00fdch komponent\u016f, kter\u00fd vede t\u00fdm in\u017een\u00fdr\u016f specializuj\u00edc\u00edch se na hydrauliku, automatizaci, elektrotechniku a komunikaci.[\/vc_column_text][\/vc_column_inner][vc_column_inner width=&#8220;1\/3&#8243;][\/vc_column_inner][\/vc_row_inner][vc_single_image media=&#8220;17&#8243; media_width_percent=&#8220;100&#8243; uncode_shortcode_id=&#8220;206338&#8243;][vc_row_inner][vc_column_inner column_width_percent=&#8220;100&#8243; position_vertical=&#8220;justify&#8220; align_horizontal=&#8220;align_center&#8220; gutter_size=&#8220;2&#8243; overlay_alpha=&#8220;50&#8243; shadow=&#8220;sm&#8220; shift_x=&#8220;0&#8243; shift_y=&#8220;0&#8243; shift_y_down=&#8220;0&#8243; z_index=&#8220;0&#8243; medium_width=&#8220;0&#8243; mobile_width=&#8220;0&#8243; width=&#8220;1\/4&#8243; uncode_shortcode_id=&#8220;655595&#8243; css=&#8220;.vc_custom_1758274322975{padding-top: 20px !important;padding-right: 10px !important;padding-bottom: 20px !important;padding-left: 10px !important;}&#8220;][vc_custom_heading heading_semantic=&#8220;h5&#8243; text_size=&#8220;h5&#8243; uncode_shortcode_id=&#8220;209950&#8243;]zasn\u011b\u017eovac\u00ed syst\u00e9my:[\/vc_custom_heading][vc_column_text text_lead=&#8220;small&#8220; uncode_shortcode_id=&#8220;114365&#8243;]Kompletn\u00ed infrastruktura pro spolehlivou v\u00fdrobu technick\u00e9ho sn\u011bhu.[\/vc_column_text][vc_button size=&#8220;btn-sm&#8220; outline=&#8220;yes&#8220; border_width=&#8220;0&#8243; uncode_shortcode_id=&#8220;195639&#8243;]Zjist\u011bte v\u00edce[\/vc_button][\/vc_column_inner][vc_column_inner column_width_percent=&#8220;100&#8243; position_vertical=&#8220;justify&#8220; align_horizontal=&#8220;align_center&#8220; gutter_size=&#8220;2&#8243; overlay_alpha=&#8220;50&#8243; shadow=&#8220;sm&#8220; shift_x=&#8220;0&#8243; shift_y=&#8220;0&#8243; shift_y_down=&#8220;0&#8243; z_index=&#8220;0&#8243; medium_width=&#8220;0&#8243; mobile_width=&#8220;0&#8243; width=&#8220;1\/4&#8243; uncode_shortcode_id=&#8220;149039&#8243; css=&#8220;.vc_custom_1758274638216{padding-top: 20px !important;padding-right: 10px !important;padding-bottom: 20px !important;padding-left: 10px !important;}&#8220;][vc_custom_heading heading_semantic=&#8220;h5&#8243; text_size=&#8220;h5&#8243; uncode_shortcode_id=&#8220;998264&#8243;]N\u00e1vrh syst\u00e9mu:[\/vc_custom_heading][vc_column_text text_lead=&#8220;small&#8220; uncode_shortcode_id=&#8220;572488&#8243;]Navrhov\u00e1n\u00ed zasn\u011b\u017eovac\u00edch za\u0159\u00edzen\u00ed podle podm\u00ednek a pot\u0159eb z\u00e1kazn\u00edka.[\/vc_column_text][vc_button size=&#8220;btn-sm&#8220; outline=&#8220;yes&#8220; border_width=&#8220;0&#8243; uncode_shortcode_id=&#8220;195639&#8243;]Zjist\u011bte v\u00edce[\/vc_button][\/vc_column_inner][vc_column_inner column_width_percent=&#8220;100&#8243; position_vertical=&#8220;justify&#8220; align_horizontal=&#8220;align_center&#8220; gutter_size=&#8220;2&#8243; overlay_alpha=&#8220;50&#8243; shadow=&#8220;sm&#8220; shift_x=&#8220;0&#8243; shift_y=&#8220;0&#8243; shift_y_down=&#8220;0&#8243; z_index=&#8220;0&#8243; medium_width=&#8220;0&#8243; mobile_width=&#8220;0&#8243; width=&#8220;1\/4&#8243; uncode_shortcode_id=&#8220;113900&#8243; css=&#8220;.vc_custom_1758274642452{padding-top: 20px !important;padding-right: 10px !important;padding-bottom: 20px !important;padding-left: 10px !important;}&#8220;][vc_custom_heading heading_semantic=&#8220;h5&#8243; text_size=&#8220;h5&#8243; uncode_shortcode_id=&#8220;195063&#8243;]Navrhov\u00e1n\u00ed svahov\u00fdch profil\u016f:[\/vc_custom_heading][vc_column_text text_lead=&#8220;small&#8220; uncode_shortcode_id=&#8220;165938&#8243;]Tvarov\u00e1n\u00ed sjezdovek s ohledem na optim\u00e1ln\u00ed pr\u016fb\u011bh a sklon.[\/vc_column_text][vc_button size=&#8220;btn-sm&#8220; outline=&#8220;yes&#8220; border_width=&#8220;0&#8243; uncode_shortcode_id=&#8220;195639&#8243;]Zjist\u011bte v\u00edce[\/vc_button][\/vc_column_inner][vc_column_inner column_width_percent=&#8220;100&#8243; position_vertical=&#8220;justify&#8220; align_horizontal=&#8220;align_center&#8220; gutter_size=&#8220;2&#8243; overlay_alpha=&#8220;50&#8243; shadow=&#8220;sm&#8220; shift_x=&#8220;0&#8243; shift_y=&#8220;0&#8243; shift_y_down=&#8220;0&#8243; z_index=&#8220;0&#8243; medium_width=&#8220;0&#8243; mobile_width=&#8220;0&#8243; width=&#8220;1\/4&#8243; uncode_shortcode_id=&#8220;661031&#8243; css=&#8220;.vc_custom_1758274645938{padding-top: 20px !important;padding-right: 10px !important;padding-bottom: 20px !important;padding-left: 10px !important;}&#8220;][vc_custom_heading heading_semantic=&#8220;h5&#8243; text_size=&#8220;h5&#8243; uncode_shortcode_id=&#8220;130291&#8243;]Centr\u00e1ln\u00ed vzduchotechnika:[\/vc_custom_heading][vc_column_text text_lead=&#8220;small&#8220; uncode_shortcode_id=&#8220;603035&#8243;]Syst\u00e9my stla\u010den\u00e9ho vzduchu, kter\u00e9 z\u00e1sobuj\u00ed sjezdovky lancetami a sn\u011b\u017en\u00fdmi d\u011bly.[\/vc_column_text][vc_button size=&#8220;btn-sm&#8220; outline=&#8220;yes&#8220; border_width=&#8220;0&#8243; uncode_shortcode_id=&#8220;195639&#8243;]Zjist\u011bte v\u00edce[\/vc_button][\/vc_column_inner][\/vc_row_inner][vc_row_inner][vc_column_inner column_width_percent=&#8220;100&#8243; position_vertical=&#8220;justify&#8220; align_horizontal=&#8220;align_center&#8220; gutter_size=&#8220;2&#8243; overlay_alpha=&#8220;4&#8243; shadow=&#8220;sm&#8220; shift_x=&#8220;0&#8243; shift_y=&#8220;0&#8243; shift_y_down=&#8220;0&#8243; z_index=&#8220;0&#8243; medium_width=&#8220;0&#8243; mobile_width=&#8220;0&#8243; width=&#8220;1\/4&#8243; uncode_shortcode_id=&#8220;167059&#8243; css=&#8220;.vc_custom_1758274650493{padding-top: 20px !important;padding-right: 10px !important;padding-bottom: 20px !important;padding-left: 10px !important;}&#8220;][vc_custom_heading heading_semantic=&#8220;h5&#8243; text_size=&#8220;h5&#8243; uncode_shortcode_id=&#8220;106671&#8243;]Elektrick\u00e9 s\u00edt\u011b Nastok:[\/vc_custom_heading][vc_column_text text_lead=&#8220;small&#8220; uncode_shortcode_id=&#8220;637804&#8243;]Z\u00e1sobov\u00e1n\u00ed zasn\u011b\u017eovac\u00edch za\u0159\u00edzen\u00ed prost\u0159ednictv\u00edm distribuovan\u00fdch energetick\u00fdch s\u00edt\u00ed.[\/vc_column_text][vc_button size=&#8220;btn-sm&#8220; outline=&#8220;yes&#8220; border_width=&#8220;0&#8243; uncode_shortcode_id=&#8220;195639&#8243;]Zjist\u011bte v\u00edce[\/vc_button][\/vc_column_inner][vc_column_inner column_width_percent=&#8220;100&#8243; position_vertical=&#8220;justify&#8220; align_horizontal=&#8220;align_center&#8220; gutter_size=&#8220;2&#8243; overlay_alpha=&#8220;50&#8243; shadow=&#8220;sm&#8220; shift_x=&#8220;0&#8243; shift_y=&#8220;0&#8243; shift_y_down=&#8220;0&#8243; z_index=&#8220;0&#8243; medium_width=&#8220;0&#8243; mobile_width=&#8220;0&#8243; width=&#8220;1\/4&#8243; uncode_shortcode_id=&#8220;107445&#8243; css=&#8220;.vc_custom_1758274654160{padding-top: 20px !important;padding-right: 10px !important;padding-bottom: 20px !important;padding-left: 10px !important;}&#8220;][vc_custom_heading heading_semantic=&#8220;h5&#8243; text_size=&#8220;h5&#8243; uncode_shortcode_id=&#8220;575870&#8243;]Wells:[\/vc_custom_heading][vc_column_text text_lead=&#8220;small&#8220; uncode_shortcode_id=&#8220;194440&#8243;]Vodn\u00ed body navr\u017een\u00e9 s ohledem na zasn\u011b\u017eovac\u00ed syst\u00e9my.[\/vc_column_text][vc_button size=&#8220;btn-sm&#8220; outline=&#8220;yes&#8220; border_width=&#8220;0&#8243; uncode_shortcode_id=&#8220;195639&#8243;]Zjist\u011bte v\u00edce[\/vc_button][\/vc_column_inner][vc_column_inner column_width_percent=&#8220;100&#8243; position_vertical=&#8220;justify&#8220; align_horizontal=&#8220;align_center&#8220; gutter_size=&#8220;2&#8243; overlay_alpha=&#8220;50&#8243; shadow=&#8220;sm&#8220; shift_x=&#8220;0&#8243; shift_y=&#8220;0&#8243; shift_y_down=&#8220;0&#8243; z_index=&#8220;0&#8243; medium_width=&#8220;0&#8243; mobile_width=&#8220;0&#8243; width=&#8220;1\/4&#8243; uncode_shortcode_id=&#8220;203798&#8243; css=&#8220;.vc_custom_1758274658046{padding-top: 20px !important;padding-right: 10px !important;padding-bottom: 20px !important;padding-left: 10px !important;}&#8220;][vc_custom_heading heading_semantic=&#8220;h5&#8243; text_size=&#8220;h5&#8243; uncode_shortcode_id=&#8220;160864&#8243;]V\u00fdlo\u017en\u00edky a ty\u010de:[\/vc_custom_heading][vc_column_text text_lead=&#8220;small&#8220; uncode_shortcode_id=&#8220;580287&#8243;]Podp\u011brn\u00e9 konstrukce pro instalaci zasn\u011b\u017eovac\u00edch za\u0159\u00edzen\u00ed na sjezdovk\u00e1ch.[\/vc_column_text][vc_button size=&#8220;btn-sm&#8220; outline=&#8220;yes&#8220; border_width=&#8220;0&#8243; uncode_shortcode_id=&#8220;195639&#8243;]Zjist\u011bte v\u00edce[\/vc_button][\/vc_column_inner][vc_column_inner column_width_percent=&#8220;100&#8243; position_vertical=&#8220;justify&#8220; align_horizontal=&#8220;align_center&#8220; gutter_size=&#8220;3&#8243; overlay_alpha=&#8220;50&#8243; shift_x=&#8220;0&#8243; shift_y=&#8220;0&#8243; shift_y_down=&#8220;0&#8243; z_index=&#8220;0&#8243; medium_width=&#8220;0&#8243; mobile_width=&#8220;0&#8243; width=&#8220;1\/4&#8243; uncode_shortcode_id=&#8220;159982&#8243;][\/vc_column_inner][\/vc_row_inner][\/vc_column][\/vc_row][vc_row][vc_column column_width_percent=&#8220;100&#8243; align_horizontal=&#8220;align_center&#8220; gutter_size=&#8220;4&#8243; overlay_alpha=&#8220;50&#8243; shift_x=&#8220;0&#8243; shift_y=&#8220;0&#8243; shift_y_down=&#8220;0&#8243; z_index=&#8220;0&#8243; medium_width=&#8220;0&#8243; mobile_width=&#8220;0&#8243; width=&#8220;1\/1&#8243; uncode_shortcode_id=&#8220;106957&#8243;][vc_row_inner][vc_column_inner width=&#8220;2\/3&#8243;][vc_custom_heading heading_semantic=&#8220;h3&#8243; text_size=&#8220;h3&#8243; uncode_shortcode_id=&#8220;190155&#8243;]Voda[\/vc_custom_heading][vc_column_text uncode_shortcode_id=&#8220;159576&#8243;]Voda je v zasn\u011b\u017eovac\u00edm syst\u00e9mu kl\u00ed\u010dov\u00fdm m\u00e9diem &#8211; jej\u00ed dostupnost, kvalita a tlak p\u0159\u00edmo ovliv\u0148uj\u00ed \u00fa\u010dinnost v\u00fdroby technick\u00e9ho sn\u011bhu. Spole\u010dnost SUPERSNOW klade velk\u00fd d\u016fraz na \u0159e\u0161en\u00ed zadr\u017eov\u00e1n\u00ed vody, kter\u00e1 umo\u017e\u0148uje jej\u00ed shroma\u017e\u010fov\u00e1n\u00ed, \u00fapravu a op\u011btovn\u00e9 vyu\u017eit\u00ed a tak\u00e9 jej\u00ed p\u0159irozenou recyklaci po obdob\u00ed t\u00e1n\u00ed sn\u011bhu.[\/vc_column_text][\/vc_column_inner][vc_column_inner width=&#8220;1\/3&#8243;][\/vc_column_inner][\/vc_row_inner][vc_single_image media=&#8220;17&#8243; media_width_percent=&#8220;100&#8243; uncode_shortcode_id=&#8220;206338&#8243;][vc_row_inner row_inner_height_percent=&#8220;0&#8243; overlay_alpha=&#8220;50&#8243; gutter_size=&#8220;4&#8243; shift_y=&#8220;0&#8243; z_index=&#8220;0&#8243; uncode_shortcode_id=&#8220;135492&#8243;][vc_column_inner column_width_percent=&#8220;100&#8243; align_horizontal=&#8220;align_center&#8220; gutter_size=&#8220;3&#8243; override_padding=&#8220;yes&#8220; column_padding=&#8220;2&#8243; overlay_alpha=&#8220;50&#8243; shadow=&#8220;sm&#8220; shift_x=&#8220;0&#8243; shift_y=&#8220;0&#8243; shift_y_down=&#8220;0&#8243; z_index=&#8220;0&#8243; medium_width=&#8220;0&#8243; mobile_width=&#8220;0&#8243; width=&#8220;1\/3&#8243; uncode_shortcode_id=&#8220;200129&#8243;][vc_custom_heading heading_semantic=&#8220;h5&#8243; text_size=&#8220;h5&#8243; uncode_shortcode_id=&#8220;193022&#8243;]Vodn\u00ed n\u00e1dr\u017ee:[\/vc_custom_heading][vc_column_text text_lead=&#8220;small&#8220; uncode_shortcode_id=&#8220;206351&#8243;]Skladov\u00e1n\u00ed vody pro zasn\u011b\u017eov\u00e1n\u00ed s ohledem na retenci a m\u00edstn\u00ed podm\u00ednky.[\/vc_column_text][\/vc_column_inner][vc_column_inner column_width_percent=&#8220;100&#8243; align_horizontal=&#8220;align_center&#8220; gutter_size=&#8220;3&#8243; override_padding=&#8220;yes&#8220; column_padding=&#8220;2&#8243; overlay_alpha=&#8220;50&#8243; shadow=&#8220;sm&#8220; shift_x=&#8220;0&#8243; shift_y=&#8220;0&#8243; shift_y_down=&#8220;0&#8243; z_index=&#8220;0&#8243; medium_width=&#8220;0&#8243; mobile_width=&#8220;0&#8243; width=&#8220;1\/3&#8243; uncode_shortcode_id=&#8220;686903&#8243;][vc_custom_heading heading_semantic=&#8220;h5&#8243; text_size=&#8220;h5&#8243; uncode_shortcode_id=&#8220;655585&#8243;]Trubky:[\/vc_custom_heading][vc_column_text text_lead=&#8220;small&#8220; uncode_shortcode_id=&#8220;983045&#8243;]T\u011b\u017ek\u00e9 litinov\u00e9 trubky zna\u010dky TRM, odoln\u00e9 v\u016f\u010di tlaku a ter\u00e9nn\u00edm podm\u00ednk\u00e1m na sjezdovk\u00e1ch.[\/vc_column_text][\/vc_column_inner][vc_column_inner column_width_percent=&#8220;100&#8243; align_horizontal=&#8220;align_center&#8220; gutter_size=&#8220;3&#8243; override_padding=&#8220;yes&#8220; column_padding=&#8220;2&#8243; overlay_alpha=&#8220;50&#8243; shadow=&#8220;sm&#8220; shift_x=&#8220;0&#8243; shift_y=&#8220;0&#8243; shift_y_down=&#8220;0&#8243; z_index=&#8220;0&#8243; medium_width=&#8220;0&#8243; mobile_width=&#8220;0&#8243; width=&#8220;1\/3&#8243; uncode_shortcode_id=&#8220;152235&#8243;][vc_custom_heading heading_semantic=&#8220;h5&#8243; text_size=&#8220;h5&#8243; uncode_shortcode_id=&#8220;772664&#8243;]\u010cerpac\u00ed stanice:[\/vc_custom_heading][vc_column_text text_lead=&#8220;small&#8220; uncode_shortcode_id=&#8220;976700&#8243;]Centr\u00e1ln\u00ed p\u0159\u00edvody vysokotlak\u00e9 vody pro zasn\u011b\u017eovac\u00ed syst\u00e9my.[\/vc_column_text][\/vc_column_inner][\/vc_row_inner][vc_row_inner row_inner_height_percent=&#8220;0&#8243; overlay_alpha=&#8220;50&#8243; gutter_size=&#8220;4&#8243; shift_y=&#8220;0&#8243; z_index=&#8220;0&#8243; uncode_shortcode_id=&#8220;135492&#8243;][vc_column_inner column_width_percent=&#8220;100&#8243; align_horizontal=&#8220;align_center&#8220; gutter_size=&#8220;3&#8243; override_padding=&#8220;yes&#8220; column_padding=&#8220;2&#8243; overlay_alpha=&#8220;50&#8243; shadow=&#8220;sm&#8220; shift_x=&#8220;0&#8243; shift_y=&#8220;0&#8243; shift_y_down=&#8220;0&#8243; z_index=&#8220;0&#8243; medium_width=&#8220;0&#8243; mobile_width=&#8220;0&#8243; width=&#8220;1\/3&#8243; uncode_shortcode_id=&#8220;200129&#8243;][vc_custom_heading heading_semantic=&#8220;h5&#8243; text_size=&#8220;h5&#8243; uncode_shortcode_id=&#8220;106220&#8243;]Mobiln\u00ed \u010derpac\u00ed stanice:[\/vc_custom_heading][vc_column_text text_lead=&#8220;small&#8220; uncode_shortcode_id=&#8220;144452&#8243;]\u010cerpac\u00ed moduly p\u0159ipraven\u00e9 k pr\u00e1ci v kontejneru, ide\u00e1ln\u00ed pro n\u00e1ro\u010dn\u00fd ter\u00e9n.[\/vc_column_text][\/vc_column_inner][vc_column_inner column_width_percent=&#8220;100&#8243; align_horizontal=&#8220;align_center&#8220; gutter_size=&#8220;3&#8243; override_padding=&#8220;yes&#8220; column_padding=&#8220;2&#8243; overlay_alpha=&#8220;50&#8243; shadow=&#8220;sm&#8220; shift_x=&#8220;0&#8243; shift_y=&#8220;0&#8243; shift_y_down=&#8220;0&#8243; z_index=&#8220;0&#8243; medium_width=&#8220;0&#8243; mobile_width=&#8220;0&#8243; width=&#8220;1\/3&#8243; uncode_shortcode_id=&#8220;686903&#8243;][vc_custom_heading heading_semantic=&#8220;h5&#8243; text_size=&#8220;h5&#8243; uncode_shortcode_id=&#8220;929194&#8243;]Chladic\u00ed v\u011b\u017ee:[\/vc_custom_heading][vc_column_text text_lead=&#8220;small&#8220; uncode_shortcode_id=&#8220;104946&#8243;]Chlazen\u00ed nap\u00e1jec\u00ed vody syst\u00e9mu, co\u017e zvy\u0161uje \u00fa\u010dinnost zasn\u011b\u017eov\u00e1n\u00ed.[\/vc_column_text][\/vc_column_inner][vc_column_inner column_width_percent=&#8220;100&#8243; align_horizontal=&#8220;align_center&#8220; gutter_size=&#8220;3&#8243; override_padding=&#8220;yes&#8220; column_padding=&#8220;2&#8243; overlay_alpha=&#8220;50&#8243; shadow=&#8220;sm&#8220; shift_x=&#8220;0&#8243; shift_y=&#8220;0&#8243; shift_y_down=&#8220;0&#8243; z_index=&#8220;0&#8243; medium_width=&#8220;0&#8243; mobile_width=&#8220;0&#8243; width=&#8220;1\/3&#8243; uncode_shortcode_id=&#8220;152235&#8243;][vc_custom_heading heading_semantic=&#8220;h5&#8243; text_size=&#8220;h5&#8243; uncode_shortcode_id=&#8220;146530&#8243;]Filtra\u010dn\u00ed syst\u00e9my:[\/vc_custom_heading][vc_column_text text_lead=&#8220;small&#8220; uncode_shortcode_id=&#8220;105801&#8243;]\u010ci\u0161t\u011bn\u00ed vody od ne\u010distot za \u00fa\u010delem ochrany d\u011bl a sou\u010d\u00e1st\u00ed syst\u00e9mu.[\/vc_column_text][\/vc_column_inner][\/vc_row_inner][\/vc_column][\/vc_row]<\/p>\n<\/div>","protected":false},"excerpt":{"rendered":"<p>[vc_row row_height_percent=&#8220;0&#8243; overlay_alpha=&#8220;50&#8243; gutter_size=&#8220;3&#8243; column_width_percent=&#8220;100&#8243; shift_y=&#8220;0&#8243; z_index=&#8220;0&#8243; content_parallax=&#8220;0&#8243; uncode_shortcode_id=&#8220;818396&#8243; row_height_pixel=&#8220;574px&#8220;][vc_column width=&#8220;1\/1&#8243;][vc_row_inner][vc_column_inner column_width_percent=&#8220;100&#8243; align_horizontal=&#8220;align_center&#8220; gutter_size=&#8220;3&#8243; overlay_alpha=&#8220;50&#8243; shift_x=&#8220;0&#8243; shift_y=&#8220;0&#8243; shift_y_down=&#8220;0&#8243; z_index=&#8220;0&#8243; medium_width=&#8220;0&#8243; [&hellip;]<\/p>\n","protected":false},"author":2,"featured_media":0,"parent":0,"menu_order":0,"comment_status":"closed","ping_status":"closed","template":"","meta":{"_acf_changed":false,"footnotes":""},"class_list":["post-160448","page","type-page","status-publish","hentry"],"acf":[],"_links":{"self":[{"href":"https:\/\/www.supersnow.com\/cs\/wp-json\/wp\/v2\/pages\/160448","targetHints":{"allow":["GET"]}}],"collection":[{"href":"https:\/\/www.supersnow.com\/cs\/wp-json\/wp\/v2\/pages"}],"about":[{"href":"https:\/\/www.supersnow.com\/cs\/wp-json\/wp\/v2\/types\/page"}],"author":[{"embeddable":true,"href":"https:\/\/www.supersnow.com\/cs\/wp-json\/wp\/v2\/users\/2"}],"replies":[{"embeddable":true,"href":"https:\/\/www.supersnow.com\/cs\/wp-json\/wp\/v2\/comments?post=160448"}],"version-history":[{"count":3,"href":"https:\/\/www.supersnow.com\/cs\/wp-json\/wp\/v2\/pages\/160448\/revisions"}],"predecessor-version":[{"id":160451,"href":"https:\/\/www.supersnow.com\/cs\/wp-json\/wp\/v2\/pages\/160448\/revisions\/160451"}],"wp:attachment":[{"href":"https:\/\/www.supersnow.com\/cs\/wp-json\/wp\/v2\/media?parent=160448"}],"curies":[{"name":"wp","href":"https:\/\/api.w.org\/{rel}","templated":true}]}}