{"id":160492,"date":"2025-11-07T13:44:21","date_gmt":"2025-11-07T13:44:21","guid":{"rendered":"https:\/\/supersnow.pl\/zasady-a-predpisy\/"},"modified":"2025-12-14T18:22:19","modified_gmt":"2025-12-14T18:22:19","slug":"zasady-a-predpisy","status":"publish","type":"page","link":"https:\/\/www.supersnow.com\/cs\/zasady-a-predpisy\/","title":{"rendered":"Z\u00e1sady a p\u0159edpisy"},"content":{"rendered":"<div class=\"wpb-content-wrapper\"><p>[vc_row row_height_percent=&#8220;40&#8243; back_image=&#8220;159764&#8243; overlay_alpha=&#8220;50&#8243; gutter_size=&#8220;3&#8243; column_width_percent=&#8220;100&#8243; shift_y=&#8220;0&#8243; z_index=&#8220;0&#8243; content_parallax=&#8220;0&#8243; uncode_shortcode_id=&#8220;943977&#8243; row_height_pixel=&#8220;480px&#8220;][vc_column column_width_percent=&#8220;100&#8243; position_vertical=&#8220;middle&#8220; align_horizontal=&#8220;align_center&#8220; gutter_size=&#8220;2&#8243; style=&#8220;dark&#8220; overlay_alpha=&#8220;50&#8243; shift_x=&#8220;0&#8243; shift_y=&#8220;0&#8243; shift_y_down=&#8220;0&#8243; z_index=&#8220;0&#8243; medium_width=&#8220;0&#8243; mobile_width=&#8220;0&#8243; width=&#8220;1\/1&#8243; uncode_shortcode_id=&#8220;859154&#8243;][vc_custom_heading heading_semantic=&#8220;h1&#8243; text_size=&#8220;h1&#8243; text_height=&#8220;fontheight-524109&#8243; uncode_shortcode_id=&#8220;220104&#8243;]Z\u00e1sady a p\u0159edpisy<br \/>\nSUPERSNOW[\/vc_custom_heading][vc_separator sep_color=&#8220;color-xsdn&#8220; uncode_shortcode_id=&#8220;209425&#8243; sep_color_type=&#8220;uncode-palette&#8220; el_width=&#8220;100px&#8220; el_height=&#8220;2px&#8220;][\/vc_column][\/vc_row][vc_row row_height_percent=&#8220;0&#8243; override_padding=&#8220;yes&#8220; h_padding=&#8220;2&#8243; top_padding=&#8220;3&#8243; bottom_padding=&#8220;2&#8243; overlay_alpha=&#8220;50&#8243; gutter_size=&#8220;3&#8243; column_width_percent=&#8220;100&#8243; shift_y=&#8220;0&#8243; z_index=&#8220;0&#8243; content_parallax=&#8220;0&#8243; uncode_shortcode_id=&#8220;875923&#8243;][vc_column width=&#8220;1\/1&#8243;][vc_row_inner][vc_column_inner column_width_percent=&#8220;100&#8243; gutter_size=&#8220;3&#8243; overlay_alpha=&#8220;50&#8243; shift_x=&#8220;0&#8243; shift_y=&#8220;0&#8243; shift_y_down=&#8220;0&#8243; z_index=&#8220;0&#8243; medium_width=&#8220;0&#8243; mobile_width=&#8220;0&#8243; width=&#8220;1\/1&#8243; uncode_shortcode_id=&#8220;155192&#8243;][vc_custom_heading heading_semantic=&#8220;h3&#8243; text_size=&#8220;h3&#8243; uncode_shortcode_id=&#8220;108060&#8243;]Dokumenty t\u00fdkaj\u00edc\u00ed se webov\u00fdch str\u00e1nek:[\/vc_custom_heading][vc_separator sep_color=&#8220;color-169719&#8243; uncode_shortcode_id=&#8220;134428&#8243; sep_color_type=&#8220;uncode-palette&#8220; el_width=&#8220;100px&#8220; el_height=&#8220;2px&#8220;][vc_icon position=&#8220;left&#8220; space_reduced=&#8220;yes&#8220; icon_image=&#8220;159761&#8243; media_size=&#8220;24px&#8220; heading_semantic=&#8220;p&#8220; text_size=&#8220;fontsize-160000&#8243; linked_title=&#8220;yes&#8220; uncode_shortcode_id=&#8220;159937&#8243; title=&#8220;Z\u00c1SADY OCHRANY OSOBN\u00cdCH \u00daDAJ\u016e SPOLE\u010cNOSTI SUPERSNOW&#8220; link=&#8220;url:https%3A%2F%2Fsupersnow.pl%2Fpolityka-prywatnosci%2F|title:Z%C3%A1sady%20ochrany%20osobn%C3%ADch%20%C3%BAdaj%C5%AF|target:_blank|rel:nofollow|&#8220;][\/vc_icon][vc_icon position=&#8220;left&#8220; space_reduced=&#8220;yes&#8220; icon_image=&#8220;159761&#8243; media_size=&#8220;24px&#8220; heading_semantic=&#8220;p&#8220; text_size=&#8220;fontsize-160000&#8243; linked_title=&#8220;yes&#8220; uncode_shortcode_id=&#8220;126876&#8243; title=&#8220;PODM\u00cdNKY&#8220; link=&#8220;url:https%3A%2F%2Fsupersnow.pl%2Fwp-content%2Fuploads%2F2025%2F12%2FREGULAMIN-STRONY-INTERNETOWEJ-SUPERSNOW.pdf|target:_blank|rel:nofollow|&#8220;][\/vc_icon][vc_icon position=&#8220;left&#8220; space_reduced=&#8220;yes&#8220; icon_image=&#8220;159761&#8243; media_size=&#8220;24px&#8220; heading_semantic=&#8220;p&#8220; text_size=&#8220;fontsize-160000&#8243; linked_title=&#8220;yes&#8220; uncode_shortcode_id=&#8220;122182&#8243; title=&#8220;Z\u00c1SADY UCHOV\u00c1V\u00c1N\u00cd SOUBOR\u016e COOKIE&#8220; link=&#8220;url:https%3A%2F%2Fsupersnow.pl%2Fwp-content%2Fuploads%2F2025%2F12%2FPolityka-cookies-SUPERSNOW.pdf|target:_blank|rel:nofollow|&#8220;][\/vc_icon][\/vc_column_inner][\/vc_row_inner][\/vc_column][\/vc_row][vc_row row_height_percent=&#8220;0&#8243; override_padding=&#8220;yes&#8220; h_padding=&#8220;2&#8243; top_padding=&#8220;3&#8243; bottom_padding=&#8220;2&#8243; overlay_alpha=&#8220;50&#8243; gutter_size=&#8220;3&#8243; column_width_percent=&#8220;100&#8243; shift_y=&#8220;0&#8243; z_index=&#8220;0&#8243; content_parallax=&#8220;0&#8243; uncode_shortcode_id=&#8220;875923&#8243;][vc_column width=&#8220;1\/1&#8243;][vc_row_inner][vc_column_inner column_width_percent=&#8220;100&#8243; gutter_size=&#8220;3&#8243; overlay_alpha=&#8220;50&#8243; shift_x=&#8220;0&#8243; shift_y=&#8220;0&#8243; shift_y_down=&#8220;0&#8243; z_index=&#8220;0&#8243; medium_width=&#8220;0&#8243; mobile_width=&#8220;0&#8243; width=&#8220;1\/1&#8243; uncode_shortcode_id=&#8220;155192&#8243;][vc_custom_heading heading_semantic=&#8220;h3&#8243; text_size=&#8220;h3&#8243; uncode_shortcode_id=&#8220;137793&#8243;]Politika kvality a certifikace:[\/vc_custom_heading][vc_separator sep_color=&#8220;color-169719&#8243; uncode_shortcode_id=&#8220;134428&#8243; sep_color_type=&#8220;uncode-palette&#8220; el_width=&#8220;100px&#8220; el_height=&#8220;2px&#8220;][vc_icon position=&#8220;left&#8220; space_reduced=&#8220;yes&#8220; icon_image=&#8220;159761&#8243; media_size=&#8220;24px&#8220; heading_semantic=&#8220;p&#8220; text_size=&#8220;fontsize-160000&#8243; linked_title=&#8220;yes&#8220; uncode_shortcode_id=&#8220;120089&#8243; title=&#8220;POLITIKA KVALITY&#8220; link=&#8220;url:https%3A%2F%2Fsupersnow.pl%2Fwp-content%2Fuploads%2F2025%2F12%2FPolityka-jakosci.pdf|title:Z%C3%A1sady%20ochrany%20osobn%C3%ADch%20%C3%BAdaj%C5%AF|target:_blank|rel:nofollow|&#8220;][\/vc_icon][vc_icon position=&#8220;left&#8220; space_reduced=&#8220;yes&#8220; icon_image=&#8220;159761&#8243; media_size=&#8220;24px&#8220; heading_semantic=&#8220;p&#8220; text_size=&#8220;fontsize-160000&#8243; linked_title=&#8220;yes&#8220; uncode_shortcode_id=&#8220;171212&#8243; title=&#8220;CERTIFIKACE ISO 9001&#8243; link=&#8220;url:https%3A%2F%2Fsupersnow.pl%2Fwp-content%2Fuploads%2F2025%2F12%2FCert_ISO-9001_PL.pdf|target:_blank|rel:nofollow|&#8220;][\/vc_icon][vc_icon position=&#8220;left&#8220; space_reduced=&#8220;yes&#8220; icon_image=&#8220;159761&#8243; media_size=&#8220;24px&#8220; heading_semantic=&#8220;p&#8220; text_size=&#8220;fontsize-160000&#8243; linked_title=&#8220;yes&#8220; uncode_shortcode_id=&#8220;451734&#8243; title=&#8220;CERTIFIK\u00c1T ISO 3834&#8243; link=&#8220;url:https%3A%2F%2Fsupersnow.pl%2Fwp-content%2Fuploads%2F2025%2F12%2FCert_ISO-3834-2_PL.pdf|target:_blank|rel:nofollow|&#8220;][\/vc_icon][\/vc_column_inner][\/vc_row_inner][\/vc_column][\/vc_row]<\/p>\n<\/div>","protected":false},"excerpt":{"rendered":"<p>[vc_row row_height_percent=&#8220;40&#8243; back_image=&#8220;159764&#8243; overlay_alpha=&#8220;50&#8243; gutter_size=&#8220;3&#8243; column_width_percent=&#8220;100&#8243; shift_y=&#8220;0&#8243; z_index=&#8220;0&#8243; content_parallax=&#8220;0&#8243; uncode_shortcode_id=&#8220;943977&#8243; row_height_pixel=&#8220;480px&#8220;][vc_column column_width_percent=&#8220;100&#8243; position_vertical=&#8220;middle&#8220; align_horizontal=&#8220;align_center&#8220; gutter_size=&#8220;2&#8243; style=&#8220;dark&#8220; overlay_alpha=&#8220;50&#8243; shift_x=&#8220;0&#8243; shift_y=&#8220;0&#8243; shift_y_down=&#8220;0&#8243; [&hellip;]<\/p>\n","protected":false},"author":2,"featured_media":0,"parent":0,"menu_order":0,"comment_status":"closed","ping_status":"closed","template":"","meta":{"_acf_changed":false,"footnotes":""},"class_list":["post-160492","page","type-page","status-publish","hentry"],"acf":[],"_links":{"self":[{"href":"https:\/\/www.supersnow.com\/cs\/wp-json\/wp\/v2\/pages\/160492","targetHints":{"allow":["GET"]}}],"collection":[{"href":"https:\/\/www.supersnow.com\/cs\/wp-json\/wp\/v2\/pages"}],"about":[{"href":"https:\/\/www.supersnow.com\/cs\/wp-json\/wp\/v2\/types\/page"}],"author":[{"embeddable":true,"href":"https:\/\/www.supersnow.com\/cs\/wp-json\/wp\/v2\/users\/2"}],"replies":[{"embeddable":true,"href":"https:\/\/www.supersnow.com\/cs\/wp-json\/wp\/v2\/comments?post=160492"}],"version-history":[{"count":5,"href":"https:\/\/www.supersnow.com\/cs\/wp-json\/wp\/v2\/pages\/160492\/revisions"}],"predecessor-version":[{"id":165098,"href":"https:\/\/www.supersnow.com\/cs\/wp-json\/wp\/v2\/pages\/160492\/revisions\/165098"}],"wp:attachment":[{"href":"https:\/\/www.supersnow.com\/cs\/wp-json\/wp\/v2\/media?parent=160492"}],"curies":[{"name":"wp","href":"https:\/\/api.w.org\/{rel}","templated":true}]}}