{"id":165200,"date":"2025-12-01T04:17:19","date_gmt":"2025-12-01T04:17:19","guid":{"rendered":"https:\/\/www.supersnow.pl\/kariera\/"},"modified":"2025-12-14T18:22:50","modified_gmt":"2025-12-14T18:22:50","slug":"kariera","status":"publish","type":"page","link":"https:\/\/www.supersnow.com\/cs\/kariera\/","title":{"rendered":"Kari\u00e9ra"},"content":{"rendered":"<div class=\"wpb-content-wrapper\"><p>[vc_row row_height_percent=&#8220;40&#8243; back_image=&#8220;159764&#8243; overlay_alpha=&#8220;50&#8243; gutter_size=&#8220;3&#8243; column_width_percent=&#8220;100&#8243; shift_y=&#8220;0&#8243; z_index=&#8220;0&#8243; content_parallax=&#8220;0&#8243; uncode_shortcode_id=&#8220;943977&#8243; row_height_pixel=&#8220;480px&#8220;][vc_column column_width_percent=&#8220;100&#8243; position_vertical=&#8220;middle&#8220; align_horizontal=&#8220;align_center&#8220; gutter_size=&#8220;2&#8243; style=&#8220;dark&#8220; overlay_alpha=&#8220;50&#8243; shift_x=&#8220;0&#8243; shift_y=&#8220;0&#8243; shift_y_down=&#8220;0&#8243; z_index=&#8220;0&#8243; medium_width=&#8220;0&#8243; mobile_width=&#8220;0&#8243; width=&#8220;1\/1&#8243; uncode_shortcode_id=&#8220;859154&#8243;][vc_custom_heading heading_semantic=&#8220;h1&#8243; text_size=&#8220;h1&#8243; text_height=&#8220;fontheight-524109&#8243; uncode_shortcode_id=&#8220;107872&#8243;]Pracovn\u00ed p\u0159\u00edle\u017eitosti<br \/>\nSUPERSNOW[\/vc_custom_heading][vc_separator sep_color=&#8220;color-xsdn&#8220; uncode_shortcode_id=&#8220;209425&#8243; sep_color_type=&#8220;uncode-palette&#8220; el_width=&#8220;100px&#8220; el_height=&#8220;2px&#8220;][\/vc_column][\/vc_row][vc_row row_height_percent=&#8220;0&#8243; override_padding=&#8220;yes&#8220; h_padding=&#8220;2&#8243; top_padding=&#8220;3&#8243; bottom_padding=&#8220;2&#8243; overlay_alpha=&#8220;50&#8243; gutter_size=&#8220;3&#8243; column_width_percent=&#8220;100&#8243; shift_y=&#8220;0&#8243; z_index=&#8220;0&#8243; content_parallax=&#8220;0&#8243; uncode_shortcode_id=&#8220;875923&#8243;][vc_column width=&#8220;1\/1&#8243;][vc_row_inner][vc_column_inner column_width_percent=&#8220;100&#8243; gutter_size=&#8220;3&#8243; overlay_alpha=&#8220;50&#8243; shift_x=&#8220;0&#8243; shift_y=&#8220;0&#8243; shift_y_down=&#8220;0&#8243; z_index=&#8220;0&#8243; medium_width=&#8220;0&#8243; mobile_width=&#8220;0&#8243; width=&#8220;1\/1&#8243; uncode_shortcode_id=&#8220;155192&#8243;][vc_custom_heading heading_semantic=&#8220;h3&#8243; text_size=&#8220;h3&#8243; uncode_shortcode_id=&#8220;782159&#8243;]P\u0159idejte se k t\u00fdmu SUPERSNOW! V sou\u010dasn\u00e9 dob\u011b nab\u00edr\u00e1me:[\/vc_custom_heading][vc_separator sep_color=&#8220;color-169719&#8243; uncode_shortcode_id=&#8220;134428&#8243; sep_color_type=&#8220;uncode-palette&#8220; el_width=&#8220;100px&#8220; el_height=&#8220;2px&#8220;][vc_column_text uncode_shortcode_id=&#8220;114888&#8243;]P\u0159ihl\u00e1\u0161ky (\u017eivotopisy) zas\u00edlejte na adresu: <a href=\"mailto:rekrutacja@supersnow.com\">rekrutacja@supersnow.com.<\/a> Do p\u0159edm\u011btu zpr\u00e1vy uve\u010fte n\u00e1zev pracovn\u00ed pozice a p\u0159\u00edjmen\u00ed a jm\u00e9no uchaze\u010de. Vyhrazujeme si pr\u00e1vo kontaktovat vybran\u00e9 uchaze\u010de.[\/vc_column_text][vc_icon position=&#8220;left&#8220; space_reduced=&#8220;yes&#8220; icon=&#8220;fa fa-briefcase&#8220; heading_semantic=&#8220;p&#8220; text_size=&#8220;fontsize-160000&#8243; linked_title=&#8220;yes&#8220; uncode_shortcode_id=&#8220;191035&#8243; title=&#8220;KONSTRUKT\u00c9R&#8220; link=&#8220;url:https%3A%2F%2Fsupersnow.pl%2Fwp-content%2Fuploads%2F2025%2F12%2FOgloszenie-na-prace-KONSTRUKTOR-.pdf|target:_blank|rel:nofollow|&#8220;][\/vc_icon][vc_icon position=&#8220;left&#8220; space_reduced=&#8220;yes&#8220; icon=&#8220;fa fa-briefcase&#8220; heading_semantic=&#8220;p&#8220; text_size=&#8220;fontsize-160000&#8243; linked_title=&#8220;yes&#8220; uncode_shortcode_id=&#8220;978322&#8243; title=&#8220;PRACOVN\u00cdK ODD\u011aLEN\u00cd NAB\u00cdDKY A DESIGNU&#8220; link=&#8220;url:https%3A%2F%2Fsupersnow.pl%2Fwp-content%2Fuploads%2F2025%2F12%2FOgloszenie-na-prace-PRACOWNIK-DZIALU-OFERTOWO-PROJEKTOWEGO.pdf|target:_blank|rel:nofollow|&#8220;][\/vc_icon][vc_icon position=&#8220;left&#8220; space_reduced=&#8220;yes&#8220; icon=&#8220;fa fa-briefcase&#8220; heading_semantic=&#8220;p&#8220; text_size=&#8220;fontsize-160000&#8243; linked_title=&#8220;yes&#8220; uncode_shortcode_id=&#8220;707460&#8243; title=&#8220;SPECIALISTA NA STAVEBN\u00cd INVESTICE &#8220; link=&#8220;url:https%3A%2F%2Fsupersnow.pl%2Fwp-content%2Fuploads%2F2025%2F12%2FOgloszenie-na-prace-Specjalista-Ds.-Inwestycji-Budowlanych.pdf|target:_blank|rel:nofollow|&#8220;][\/vc_icon][vc_icon position=&#8220;left&#8220; space_reduced=&#8220;yes&#8220; icon=&#8220;fa fa-briefcase&#8220; heading_semantic=&#8220;p&#8220; text_size=&#8220;fontsize-160000&#8243; linked_title=&#8220;yes&#8220; uncode_shortcode_id=&#8220;510656&#8243; title=&#8220;INSTALAT\u00c9R&#8220; link=&#8220;url:https%3A%2F%2Fsupersnow.pl%2Fwp-content%2Fuploads%2F2025%2F12%2FOgloszenie-na-prace-Monter-Instalacji-Hydraulicznych.pdf|target:_blank|rel:nofollow|&#8220;][\/vc_icon][vc_icon position=&#8220;left&#8220; space_reduced=&#8220;yes&#8220; icon=&#8220;fa fa-briefcase&#8220; heading_semantic=&#8220;p&#8220; text_size=&#8220;fontsize-160000&#8243; linked_title=&#8220;yes&#8220; uncode_shortcode_id=&#8220;119723&#8243; title=&#8220;POMOCN\u00cdK INSTALAT\u00c9RA&#8220; link=&#8220;url:https%3A%2F%2Fsupersnow.pl%2Fwp-content%2Fuploads%2F2025%2F12%2FOgloszenie-na-prace-POMOCNIK-MONTERA-INSTALACJI-HYDRAULICZNYCH.pdf|target:_blank|rel:nofollow|&#8220;][\/vc_icon][vc_icon position=&#8220;left&#8220; space_reduced=&#8220;yes&#8220; icon=&#8220;fa fa-briefcase&#8220; heading_semantic=&#8220;p&#8220; text_size=&#8220;fontsize-160000&#8243; linked_title=&#8220;yes&#8220; uncode_shortcode_id=&#8220;764805&#8243; title=&#8220;ASISTENT ELEKTROINSTALACE&#8220; link=&#8220;url:https%3A%2F%2Fsupersnow.pl%2Fwp-content%2Fuploads%2F2025%2F12%2FOgloszenie-na-prace-POMOCNIK-MONTERA-INSTALACJI-ELEKTRYCZNYCH.pdf|target:_blank|rel:nofollow|&#8220;][\/vc_icon][\/vc_column_inner][\/vc_row_inner][\/vc_column][\/vc_row]<\/p>\n<\/div>","protected":false},"excerpt":{"rendered":"<p>[vc_row row_height_percent=&#8220;40&#8243; back_image=&#8220;159764&#8243; overlay_alpha=&#8220;50&#8243; gutter_size=&#8220;3&#8243; column_width_percent=&#8220;100&#8243; shift_y=&#8220;0&#8243; z_index=&#8220;0&#8243; content_parallax=&#8220;0&#8243; uncode_shortcode_id=&#8220;943977&#8243; row_height_pixel=&#8220;480px&#8220;][vc_column column_width_percent=&#8220;100&#8243; position_vertical=&#8220;middle&#8220; align_horizontal=&#8220;align_center&#8220; gutter_size=&#8220;2&#8243; style=&#8220;dark&#8220; overlay_alpha=&#8220;50&#8243; shift_x=&#8220;0&#8243; shift_y=&#8220;0&#8243; shift_y_down=&#8220;0&#8243; [&hellip;]<\/p>\n","protected":false},"author":3,"featured_media":0,"parent":0,"menu_order":0,"comment_status":"closed","ping_status":"closed","template":"","meta":{"_acf_changed":false,"footnotes":""},"class_list":["post-165200","page","type-page","status-publish","hentry"],"acf":[],"_links":{"self":[{"href":"https:\/\/www.supersnow.com\/cs\/wp-json\/wp\/v2\/pages\/165200","targetHints":{"allow":["GET"]}}],"collection":[{"href":"https:\/\/www.supersnow.com\/cs\/wp-json\/wp\/v2\/pages"}],"about":[{"href":"https:\/\/www.supersnow.com\/cs\/wp-json\/wp\/v2\/types\/page"}],"author":[{"embeddable":true,"href":"https:\/\/www.supersnow.com\/cs\/wp-json\/wp\/v2\/users\/3"}],"replies":[{"embeddable":true,"href":"https:\/\/www.supersnow.com\/cs\/wp-json\/wp\/v2\/comments?post=165200"}],"version-history":[{"count":6,"href":"https:\/\/www.supersnow.com\/cs\/wp-json\/wp\/v2\/pages\/165200\/revisions"}],"predecessor-version":[{"id":165251,"href":"https:\/\/www.supersnow.com\/cs\/wp-json\/wp\/v2\/pages\/165200\/revisions\/165251"}],"wp:attachment":[{"href":"https:\/\/www.supersnow.com\/cs\/wp-json\/wp\/v2\/media?parent=165200"}],"curies":[{"name":"wp","href":"https:\/\/api.w.org\/{rel}","templated":true}]}}