{"id":166489,"date":"2025-12-09T07:28:18","date_gmt":"2025-12-09T07:28:18","guid":{"rendered":"https:\/\/www.supersnow.pl\/pro-testovani\/"},"modified":"2026-01-21T13:38:19","modified_gmt":"2026-01-21T13:38:19","slug":"pro-testovani","status":"publish","type":"page","link":"https:\/\/www.supersnow.com\/cs\/pro-testovani\/","title":{"rendered":"Pro testov\u00e1n\u00ed"},"content":{"rendered":"<div class=\"wpb-content-wrapper\"><p>[vc_section back_color=&#8220;accent&#8220; overlay_alpha=&#8220;50&#8243; content_parallax=&#8220;0&#8243; uncode_shortcode_id=&#8220;146598&#8243; back_color_type=&#8220;uncode-palette&#8220;][vc_row][vc_column column_width_percent=&#8220;100&#8243; gutter_size=&#8220;3&#8243; style=&#8220;dark&#8220; overlay_alpha=&#8220;50&#8243; shift_x=&#8220;0&#8243; shift_y=&#8220;0&#8243; shift_y_down=&#8220;0&#8243; z_index=&#8220;0&#8243; medium_width=&#8220;0&#8243; mobile_width=&#8220;0&#8243; width=&#8220;1\/1&#8243; uncode_shortcode_id=&#8220;202169&#8243; el_class=&#8220;glow-column&#8220;][vc_custom_heading uncode_shortcode_id=&#8220;122377&#8243;]Jedn\u00e1 se o vlastn\u00ed prvek nadpisu.[\/vc_custom_heading][vc_column_text uncode_shortcode_id=&#8220;107498&#8243;]Jsem textov\u00fd blok. Kliknut\u00edm na tla\u010d\u00edtko upravit tento text zm\u011bn\u00edte. Lorem ipsum dolor sit amet, consectetur adipiscing elit. Ut elit tellus, luctus nec ullamcorper mattis, pulvinar dapibus leo.[\/vc_column_text][vc_raw_html]W3BvcHVwX3RyaWdnZXIgaWQ9IjE1ODk5NCIgdGFnPSJhIiBjbGFzcz0icXVpY2t2aWV3LWxpbmsiXVNVUEVSaW50dWl0aXZuw61bL3BvcHVwX3RyaWdnZXJdCg==[\/vc_raw_html][\/vc_column][\/vc_row][vc_row][vc_column width=&#8220;1\/1&#8243;][uncode_block id=&#8220;164109&#8243;][\/vc_column][\/vc_row][\/vc_section]<\/p>\n<\/div>","protected":false},"excerpt":{"rendered":"<p>[vc_section back_color=&#8220;accent&#8220; overlay_alpha=&#8220;50&#8243; content_parallax=&#8220;0&#8243; uncode_shortcode_id=&#8220;146598&#8243; back_color_type=&#8220;uncode-palette&#8220;][vc_row][vc_column column_width_percent=&#8220;100&#8243; gutter_size=&#8220;3&#8243; style=&#8220;dark&#8220; overlay_alpha=&#8220;50&#8243; shift_x=&#8220;0&#8243; shift_y=&#8220;0&#8243; shift_y_down=&#8220;0&#8243; z_index=&#8220;0&#8243; medium_width=&#8220;0&#8243; mobile_width=&#8220;0&#8243; width=&#8220;1\/1&#8243; uncode_shortcode_id=&#8220;202169&#8243; el_class=&#8220;glow-column&#8220;][vc_custom_heading uncode_shortcode_id=&#8220;122377&#8243;]Jedn\u00e1 [&hellip;]<\/p>\n","protected":false},"author":2,"featured_media":0,"parent":0,"menu_order":0,"comment_status":"closed","ping_status":"closed","template":"","meta":{"_acf_changed":false,"footnotes":""},"class_list":["post-166489","page","type-page","status-publish","hentry"],"acf":[],"_links":{"self":[{"href":"https:\/\/www.supersnow.com\/cs\/wp-json\/wp\/v2\/pages\/166489","targetHints":{"allow":["GET"]}}],"collection":[{"href":"https:\/\/www.supersnow.com\/cs\/wp-json\/wp\/v2\/pages"}],"about":[{"href":"https:\/\/www.supersnow.com\/cs\/wp-json\/wp\/v2\/types\/page"}],"author":[{"embeddable":true,"href":"https:\/\/www.supersnow.com\/cs\/wp-json\/wp\/v2\/users\/2"}],"replies":[{"embeddable":true,"href":"https:\/\/www.supersnow.com\/cs\/wp-json\/wp\/v2\/comments?post=166489"}],"version-history":[{"count":5,"href":"https:\/\/www.supersnow.com\/cs\/wp-json\/wp\/v2\/pages\/166489\/revisions"}],"predecessor-version":[{"id":166501,"href":"https:\/\/www.supersnow.com\/cs\/wp-json\/wp\/v2\/pages\/166489\/revisions\/166501"}],"wp:attachment":[{"href":"https:\/\/www.supersnow.com\/cs\/wp-json\/wp\/v2\/media?parent=166489"}],"curies":[{"name":"wp","href":"https:\/\/api.w.org\/{rel}","templated":true}]}}