{"id":160428,"date":"2025-09-19T08:53:08","date_gmt":"2025-09-19T08:53:08","guid":{"rendered":"https:\/\/supersnow.pl\/systeme\/"},"modified":"2025-11-20T19:45:57","modified_gmt":"2025-11-20T19:45:57","slug":"systeme","status":"publish","type":"page","link":"https:\/\/www.supersnow.com\/de\/systeme\/","title":{"rendered":"Systeme"},"content":{"rendered":"<div class=\"wpb-content-wrapper\"><p>[vc_row row_height_percent=&#8220;0&#8243; overlay_alpha=&#8220;50&#8243; gutter_size=&#8220;3&#8243; column_width_percent=&#8220;100&#8243; shift_y=&#8220;0&#8243; z_index=&#8220;0&#8243; content_parallax=&#8220;0&#8243; uncode_shortcode_id=&#8220;818396&#8243; row_height_pixel=&#8220;574px&#8220;][vc_column width=&#8220;1\/1&#8243;][vc_row_inner][vc_column_inner column_width_percent=&#8220;100&#8243; align_horizontal=&#8220;align_center&#8220; gutter_size=&#8220;3&#8243; overlay_alpha=&#8220;50&#8243; shift_x=&#8220;0&#8243; shift_y=&#8220;0&#8243; shift_y_down=&#8220;0&#8243; z_index=&#8220;0&#8243; medium_width=&#8220;0&#8243; mobile_width=&#8220;0&#8243; width=&#8220;1\/1&#8243; uncode_shortcode_id=&#8220;223086&#8243;][vc_custom_heading heading_semantic=&#8220;h1&#8243; text_size=&#8220;h1&#8243; text_transform=&#8220;uppercase&#8220; uncode_shortcode_id=&#8220;229030&#8243;]Systeme[\/vc_custom_heading][\/vc_column_inner][\/vc_row_inner][vc_row_inner][vc_column_inner column_width_use_pixel=&#8220;yes&#8220; align_horizontal=&#8220;align_center&#8220; gutter_size=&#8220;3&#8243; overlay_alpha=&#8220;50&#8243; shift_x=&#8220;0&#8243; shift_y=&#8220;0&#8243; shift_y_down=&#8220;0&#8243; z_index=&#8220;0&#8243; medium_width=&#8220;0&#8243; mobile_width=&#8220;0&#8243; width=&#8220;1\/1&#8243; uncode_shortcode_id=&#8220;519642&#8243; column_width_pixel=&#8220;720&#8243;][vc_column_text uncode_shortcode_id=&#8220;212008&#8243;]SUPERSNOW Beschneiungsanlagen sind die komplette technische Infrastruktur mit Pumpstationen, Rohrleitungen, Strom, Automatisierung und Beschneiungsanlagen, die f\u00fcr den Betrieb eines Skigebiets erforderlich sind. Durch die individuelle Gestaltung und Integration aller Komponenten gew\u00e4hrleistet das System eine kontrollierte und effiziente Produktion von technischem Schnee unter allen Bedingungen.[\/vc_column_text][vc_button button_color=&#8220;color-jevc&#8220; border_width=&#8220;0&#8243; button_color_type=&#8220;uncode-palette&#8220; uncode_shortcode_id=&#8220;154757&#8243;]Kontakt aufnehmen[\/vc_button][\/vc_column_inner][\/vc_row_inner][\/vc_column][\/vc_row][vc_row][vc_column column_width_percent=&#8220;100&#8243; align_horizontal=&#8220;align_center&#8220; gutter_size=&#8220;4&#8243; overlay_alpha=&#8220;50&#8243; shift_x=&#8220;0&#8243; shift_y=&#8220;0&#8243; shift_y_down=&#8220;0&#8243; z_index=&#8220;0&#8243; medium_width=&#8220;0&#8243; mobile_width=&#8220;0&#8243; width=&#8220;1\/1&#8243; uncode_shortcode_id=&#8220;105442&#8243;][vc_row_inner][vc_column_inner width=&#8220;2\/3&#8243;][vc_custom_heading heading_semantic=&#8220;h3&#8243; text_size=&#8220;h3&#8243; uncode_shortcode_id=&#8220;122102&#8243;]Systeme und Design[\/vc_custom_heading][vc_column_text uncode_shortcode_id=&#8220;170159&#8243;]Die Entwicklung von Beschneiungsanlagen bei SUPERSNOW ist ein Prozess, der auf der Analyse der \u00f6rtlichen Gegebenheiten, der Inspektion vor Ort und der individuellen Auswahl der technischen Komponenten basiert und von einem Team von Ingenieuren geleitet wird, die auf Hydraulik, Automatisierung, Elektrik und Kommunikation spezialisiert sind.[\/vc_column_text][\/vc_column_inner][vc_column_inner width=&#8220;1\/3&#8243;][\/vc_column_inner][\/vc_row_inner][vc_single_image media=&#8220;17&#8243; media_width_percent=&#8220;100&#8243; uncode_shortcode_id=&#8220;206338&#8243;][vc_row_inner][vc_column_inner column_width_percent=&#8220;100&#8243; position_vertical=&#8220;justify&#8220; align_horizontal=&#8220;align_center&#8220; gutter_size=&#8220;2&#8243; overlay_alpha=&#8220;50&#8243; shadow=&#8220;sm&#8220; shift_x=&#8220;0&#8243; shift_y=&#8220;0&#8243; shift_y_down=&#8220;0&#8243; z_index=&#8220;0&#8243; medium_width=&#8220;0&#8243; mobile_width=&#8220;0&#8243; width=&#8220;1\/4&#8243; uncode_shortcode_id=&#8220;655595&#8243; css=&#8220;.vc_custom_1758274322975{padding-top: 20px !important;padding-right: 10px !important;padding-bottom: 20px !important;padding-left: 10px !important;}&#8220;][vc_custom_heading heading_semantic=&#8220;h5&#8243; text_size=&#8220;h5&#8243; uncode_shortcode_id=&#8220;209950&#8243;]Beschneiungsanlagen:[\/vc_custom_heading][vc_column_text text_lead=&#8220;small&#8220; uncode_shortcode_id=&#8220;114365&#8243;]Komplette Infrastruktur f\u00fcr eine zuverl\u00e4ssige technische Schneeproduktion.[\/vc_column_text][vc_button size=&#8220;btn-sm&#8220; outline=&#8220;yes&#8220; border_width=&#8220;0&#8243; uncode_shortcode_id=&#8220;195639&#8243;]Finden Sie mehr heraus[\/vc_button][\/vc_column_inner][vc_column_inner column_width_percent=&#8220;100&#8243; position_vertical=&#8220;justify&#8220; align_horizontal=&#8220;align_center&#8220; gutter_size=&#8220;2&#8243; overlay_alpha=&#8220;50&#8243; shadow=&#8220;sm&#8220; shift_x=&#8220;0&#8243; shift_y=&#8220;0&#8243; shift_y_down=&#8220;0&#8243; z_index=&#8220;0&#8243; medium_width=&#8220;0&#8243; mobile_width=&#8220;0&#8243; width=&#8220;1\/4&#8243; uncode_shortcode_id=&#8220;149039&#8243; css=&#8220;.vc_custom_1758274638216{padding-top: 20px !important;padding-right: 10px !important;padding-bottom: 20px !important;padding-left: 10px !important;}&#8220;][vc_custom_heading heading_semantic=&#8220;h5&#8243; text_size=&#8220;h5&#8243; uncode_shortcode_id=&#8220;998264&#8243;]Systemdesign:[\/vc_custom_heading][vc_column_text text_lead=&#8220;small&#8220; uncode_shortcode_id=&#8220;572488&#8243;]Entwurf von Beschneiungsanlagen, die den Bedingungen und Bed\u00fcrfnissen des Kunden entsprechen.[\/vc_column_text][vc_button size=&#8220;btn-sm&#8220; outline=&#8220;yes&#8220; border_width=&#8220;0&#8243; uncode_shortcode_id=&#8220;195639&#8243;]Finden Sie mehr heraus[\/vc_button][\/vc_column_inner][vc_column_inner column_width_percent=&#8220;100&#8243; position_vertical=&#8220;justify&#8220; align_horizontal=&#8220;align_center&#8220; gutter_size=&#8220;2&#8243; overlay_alpha=&#8220;50&#8243; shadow=&#8220;sm&#8220; shift_x=&#8220;0&#8243; shift_y=&#8220;0&#8243; shift_y_down=&#8220;0&#8243; z_index=&#8220;0&#8243; medium_width=&#8220;0&#8243; mobile_width=&#8220;0&#8243; width=&#8220;1\/4&#8243; uncode_shortcode_id=&#8220;113900&#8243; css=&#8220;.vc_custom_1758274642452{padding-top: 20px !important;padding-right: 10px !important;padding-bottom: 20px !important;padding-left: 10px !important;}&#8220;][vc_custom_heading heading_semantic=&#8220;h5&#8243; text_size=&#8220;h5&#8243; uncode_shortcode_id=&#8220;195063&#8243;]Entwerfen Sie Hangprofile:[\/vc_custom_heading][vc_column_text text_lead=&#8220;small&#8220; uncode_shortcode_id=&#8220;165938&#8243;]Gestaltung der Pisten unter Ber\u00fccksichtigung des optimalen Verlaufs und Gef\u00e4lles.[\/vc_column_text][vc_button size=&#8220;btn-sm&#8220; outline=&#8220;yes&#8220; border_width=&#8220;0&#8243; uncode_shortcode_id=&#8220;195639&#8243;]Finden Sie mehr heraus[\/vc_button][\/vc_column_inner][vc_column_inner column_width_percent=&#8220;100&#8243; position_vertical=&#8220;justify&#8220; align_horizontal=&#8220;align_center&#8220; gutter_size=&#8220;2&#8243; overlay_alpha=&#8220;50&#8243; shadow=&#8220;sm&#8220; shift_x=&#8220;0&#8243; shift_y=&#8220;0&#8243; shift_y_down=&#8220;0&#8243; z_index=&#8220;0&#8243; medium_width=&#8220;0&#8243; mobile_width=&#8220;0&#8243; width=&#8220;1\/4&#8243; uncode_shortcode_id=&#8220;661031&#8243; css=&#8220;.vc_custom_1758274645938{padding-top: 20px !important;padding-right: 10px !important;padding-bottom: 20px !important;padding-left: 10px !important;}&#8220;][vc_custom_heading heading_semantic=&#8220;h5&#8243; text_size=&#8220;h5&#8243; uncode_shortcode_id=&#8220;130291&#8243;]Zentrale Luftsysteme:[\/vc_custom_heading][vc_column_text text_lead=&#8220;small&#8220; uncode_shortcode_id=&#8220;603035&#8243;]Druckluftsysteme zur Versorgung von Lanzen und Schneekanonen auf den Pisten.[\/vc_column_text][vc_button size=&#8220;btn-sm&#8220; outline=&#8220;yes&#8220; border_width=&#8220;0&#8243; uncode_shortcode_id=&#8220;195639&#8243;]Finden Sie mehr heraus[\/vc_button][\/vc_column_inner][\/vc_row_inner][vc_row_inner][vc_column_inner column_width_percent=&#8220;100&#8243; position_vertical=&#8220;justify&#8220; align_horizontal=&#8220;align_center&#8220; gutter_size=&#8220;2&#8243; overlay_alpha=&#8220;4&#8243; shadow=&#8220;sm&#8220; shift_x=&#8220;0&#8243; shift_y=&#8220;0&#8243; shift_y_down=&#8220;0&#8243; z_index=&#8220;0&#8243; medium_width=&#8220;0&#8243; mobile_width=&#8220;0&#8243; width=&#8220;1\/4&#8243; uncode_shortcode_id=&#8220;167059&#8243; css=&#8220;.vc_custom_1758274650493{padding-top: 20px !important;padding-right: 10px !important;padding-bottom: 20px !important;padding-left: 10px !important;}&#8220;][vc_custom_heading heading_semantic=&#8220;h5&#8243; text_size=&#8220;h5&#8243; uncode_shortcode_id=&#8220;106671&#8243;]Nastok elektrische Netzwerke:[\/vc_custom_heading][vc_column_text text_lead=&#8220;small&#8220; uncode_shortcode_id=&#8220;637804&#8243;]Versorgung von Beschneiungsanlagen \u00fcber verteilte Stromnetze.[\/vc_column_text][vc_button size=&#8220;btn-sm&#8220; outline=&#8220;yes&#8220; border_width=&#8220;0&#8243; uncode_shortcode_id=&#8220;195639&#8243;]Finden Sie mehr heraus[\/vc_button][\/vc_column_inner][vc_column_inner column_width_percent=&#8220;100&#8243; position_vertical=&#8220;justify&#8220; align_horizontal=&#8220;align_center&#8220; gutter_size=&#8220;2&#8243; overlay_alpha=&#8220;50&#8243; shadow=&#8220;sm&#8220; shift_x=&#8220;0&#8243; shift_y=&#8220;0&#8243; shift_y_down=&#8220;0&#8243; z_index=&#8220;0&#8243; medium_width=&#8220;0&#8243; mobile_width=&#8220;0&#8243; width=&#8220;1\/4&#8243; uncode_shortcode_id=&#8220;107445&#8243; css=&#8220;.vc_custom_1758274654160{padding-top: 20px !important;padding-right: 10px !important;padding-bottom: 20px !important;padding-left: 10px !important;}&#8220;][vc_custom_heading heading_semantic=&#8220;h5&#8243; text_size=&#8220;h5&#8243; uncode_shortcode_id=&#8220;575870&#8243;]Wells:[\/vc_custom_heading][vc_column_text text_lead=&#8220;small&#8220; uncode_shortcode_id=&#8220;194440&#8243;]Wasserstellen, die f\u00fcr Beschneiungsanlagen entwickelt wurden.[\/vc_column_text][vc_button size=&#8220;btn-sm&#8220; outline=&#8220;yes&#8220; border_width=&#8220;0&#8243; uncode_shortcode_id=&#8220;195639&#8243;]Finden Sie mehr heraus[\/vc_button][\/vc_column_inner][vc_column_inner column_width_percent=&#8220;100&#8243; position_vertical=&#8220;justify&#8220; align_horizontal=&#8220;align_center&#8220; gutter_size=&#8220;2&#8243; overlay_alpha=&#8220;50&#8243; shadow=&#8220;sm&#8220; shift_x=&#8220;0&#8243; shift_y=&#8220;0&#8243; shift_y_down=&#8220;0&#8243; z_index=&#8220;0&#8243; medium_width=&#8220;0&#8243; mobile_width=&#8220;0&#8243; width=&#8220;1\/4&#8243; uncode_shortcode_id=&#8220;203798&#8243; css=&#8220;.vc_custom_1758274658046{padding-top: 20px !important;padding-right: 10px !important;padding-bottom: 20px !important;padding-left: 10px !important;}&#8220;][vc_custom_heading heading_semantic=&#8220;h5&#8243; text_size=&#8220;h5&#8243; uncode_shortcode_id=&#8220;160864&#8243;]Ausleger und Stangen:[\/vc_custom_heading][vc_column_text text_lead=&#8220;small&#8220; uncode_shortcode_id=&#8220;580287&#8243;]St\u00fctzkonstruktionen f\u00fcr die Installation von Beschneiungsanlagen auf Pisten.[\/vc_column_text][vc_button size=&#8220;btn-sm&#8220; outline=&#8220;yes&#8220; border_width=&#8220;0&#8243; uncode_shortcode_id=&#8220;195639&#8243;]Finden Sie mehr heraus[\/vc_button][\/vc_column_inner][vc_column_inner column_width_percent=&#8220;100&#8243; position_vertical=&#8220;justify&#8220; align_horizontal=&#8220;align_center&#8220; gutter_size=&#8220;3&#8243; overlay_alpha=&#8220;50&#8243; shift_x=&#8220;0&#8243; shift_y=&#8220;0&#8243; shift_y_down=&#8220;0&#8243; z_index=&#8220;0&#8243; medium_width=&#8220;0&#8243; mobile_width=&#8220;0&#8243; width=&#8220;1\/4&#8243; uncode_shortcode_id=&#8220;159982&#8243;][\/vc_column_inner][\/vc_row_inner][\/vc_column][\/vc_row][vc_row][vc_column column_width_percent=&#8220;100&#8243; align_horizontal=&#8220;align_center&#8220; gutter_size=&#8220;4&#8243; overlay_alpha=&#8220;50&#8243; shift_x=&#8220;0&#8243; shift_y=&#8220;0&#8243; shift_y_down=&#8220;0&#8243; z_index=&#8220;0&#8243; medium_width=&#8220;0&#8243; mobile_width=&#8220;0&#8243; width=&#8220;1\/1&#8243; uncode_shortcode_id=&#8220;106957&#8243;][vc_row_inner][vc_column_inner width=&#8220;2\/3&#8243;][vc_custom_heading heading_semantic=&#8220;h3&#8243; text_size=&#8220;h3&#8243; uncode_shortcode_id=&#8220;190155&#8243;]Wasser[\/vc_custom_heading][vc_column_text uncode_shortcode_id=&#8220;159576&#8243;]Wasser ist ein zentrales Medium in einer Beschneiungsanlage &#8211; seine Verf\u00fcgbarkeit, seine Qualit\u00e4t und sein Druck wirken sich direkt auf die Effizienz der technischen Schneeerzeugung aus. SUPERSNOW legt gro\u00dfen Wert auf R\u00fcckhaltel\u00f6sungen, die es erm\u00f6glichen, das Wasser zu sammeln, aufzubereiten und wiederzuverwenden sowie nach der Schneeschmelze auf nat\u00fcrliche Weise zu recyceln.[\/vc_column_text][\/vc_column_inner][vc_column_inner width=&#8220;1\/3&#8243;][\/vc_column_inner][\/vc_row_inner][vc_single_image media=&#8220;17&#8243; media_width_percent=&#8220;100&#8243; uncode_shortcode_id=&#8220;206338&#8243;][vc_row_inner row_inner_height_percent=&#8220;0&#8243; overlay_alpha=&#8220;50&#8243; gutter_size=&#8220;4&#8243; shift_y=&#8220;0&#8243; z_index=&#8220;0&#8243; uncode_shortcode_id=&#8220;135492&#8243;][vc_column_inner column_width_percent=&#8220;100&#8243; align_horizontal=&#8220;align_center&#8220; gutter_size=&#8220;3&#8243; override_padding=&#8220;yes&#8220; column_padding=&#8220;2&#8243; overlay_alpha=&#8220;50&#8243; shadow=&#8220;sm&#8220; shift_x=&#8220;0&#8243; shift_y=&#8220;0&#8243; shift_y_down=&#8220;0&#8243; z_index=&#8220;0&#8243; medium_width=&#8220;0&#8243; mobile_width=&#8220;0&#8243; width=&#8220;1\/3&#8243; uncode_shortcode_id=&#8220;200129&#8243;][vc_custom_heading heading_semantic=&#8220;h5&#8243; text_size=&#8220;h5&#8243; uncode_shortcode_id=&#8220;193022&#8243;]Wasserreservoirs:[\/vc_custom_heading][vc_column_text text_lead=&#8220;small&#8220; uncode_shortcode_id=&#8220;206351&#8243;]Speicherung von Wasser f\u00fcr die Beschneiung unter Ber\u00fccksichtigung der R\u00fcckhaltung und der \u00f6rtlichen Gegebenheiten.[\/vc_column_text][\/vc_column_inner][vc_column_inner column_width_percent=&#8220;100&#8243; align_horizontal=&#8220;align_center&#8220; gutter_size=&#8220;3&#8243; override_padding=&#8220;yes&#8220; column_padding=&#8220;2&#8243; overlay_alpha=&#8220;50&#8243; shadow=&#8220;sm&#8220; shift_x=&#8220;0&#8243; shift_y=&#8220;0&#8243; shift_y_down=&#8220;0&#8243; z_index=&#8220;0&#8243; medium_width=&#8220;0&#8243; mobile_width=&#8220;0&#8243; width=&#8220;1\/3&#8243; uncode_shortcode_id=&#8220;686903&#8243;][vc_custom_heading heading_semantic=&#8220;h5&#8243; text_size=&#8220;h5&#8243; uncode_shortcode_id=&#8220;655585&#8243;]Pfeifen:[\/vc_custom_heading][vc_column_text text_lead=&#8220;small&#8220; uncode_shortcode_id=&#8220;983045&#8243;]Strapazierf\u00e4hige Gussrohre der Marke TRM, die dem Druck und den Gel\u00e4ndebedingungen auf den Pisten standhalten.[\/vc_column_text][\/vc_column_inner][vc_column_inner column_width_percent=&#8220;100&#8243; align_horizontal=&#8220;align_center&#8220; gutter_size=&#8220;3&#8243; override_padding=&#8220;yes&#8220; column_padding=&#8220;2&#8243; overlay_alpha=&#8220;50&#8243; shadow=&#8220;sm&#8220; shift_x=&#8220;0&#8243; shift_y=&#8220;0&#8243; shift_y_down=&#8220;0&#8243; z_index=&#8220;0&#8243; medium_width=&#8220;0&#8243; mobile_width=&#8220;0&#8243; width=&#8220;1\/3&#8243; uncode_shortcode_id=&#8220;152235&#8243;][vc_custom_heading heading_semantic=&#8220;h5&#8243; text_size=&#8220;h5&#8243; uncode_shortcode_id=&#8220;772664&#8243;]Pumpstationen:[\/vc_custom_heading][vc_column_text text_lead=&#8220;small&#8220; uncode_shortcode_id=&#8220;976700&#8243;]Zentrale Versorgungsstellen f\u00fcr Hochdruckwasser f\u00fcr Beschneiungsanlagen.[\/vc_column_text][\/vc_column_inner][\/vc_row_inner][vc_row_inner row_inner_height_percent=&#8220;0&#8243; overlay_alpha=&#8220;50&#8243; gutter_size=&#8220;4&#8243; shift_y=&#8220;0&#8243; z_index=&#8220;0&#8243; uncode_shortcode_id=&#8220;135492&#8243;][vc_column_inner column_width_percent=&#8220;100&#8243; align_horizontal=&#8220;align_center&#8220; gutter_size=&#8220;3&#8243; override_padding=&#8220;yes&#8220; column_padding=&#8220;2&#8243; overlay_alpha=&#8220;50&#8243; shadow=&#8220;sm&#8220; shift_x=&#8220;0&#8243; shift_y=&#8220;0&#8243; shift_y_down=&#8220;0&#8243; z_index=&#8220;0&#8243; medium_width=&#8220;0&#8243; mobile_width=&#8220;0&#8243; width=&#8220;1\/3&#8243; uncode_shortcode_id=&#8220;200129&#8243;][vc_custom_heading heading_semantic=&#8220;h5&#8243; text_size=&#8220;h5&#8243; uncode_shortcode_id=&#8220;106220&#8243;]Mobile Pumpstationen:[\/vc_custom_heading][vc_column_text text_lead=&#8220;small&#8220; uncode_shortcode_id=&#8220;144452&#8243;]Arbeitsfertige Pumpmodule in einem Container, ideal f\u00fcr schwieriges Terrain.[\/vc_column_text][\/vc_column_inner][vc_column_inner column_width_percent=&#8220;100&#8243; align_horizontal=&#8220;align_center&#8220; gutter_size=&#8220;3&#8243; override_padding=&#8220;yes&#8220; column_padding=&#8220;2&#8243; overlay_alpha=&#8220;50&#8243; shadow=&#8220;sm&#8220; shift_x=&#8220;0&#8243; shift_y=&#8220;0&#8243; shift_y_down=&#8220;0&#8243; z_index=&#8220;0&#8243; medium_width=&#8220;0&#8243; mobile_width=&#8220;0&#8243; width=&#8220;1\/3&#8243; uncode_shortcode_id=&#8220;686903&#8243;][vc_custom_heading heading_semantic=&#8220;h5&#8243; text_size=&#8220;h5&#8243; uncode_shortcode_id=&#8220;929194&#8243;]K\u00fchlt\u00fcrme:[\/vc_custom_heading][vc_column_text text_lead=&#8220;small&#8220; uncode_shortcode_id=&#8220;104946&#8243;]K\u00fchlung des Speisewassers der Anlage, wodurch die Effizienz der Beschneiung verbessert wird.[\/vc_column_text][\/vc_column_inner][vc_column_inner column_width_percent=&#8220;100&#8243; align_horizontal=&#8220;align_center&#8220; gutter_size=&#8220;3&#8243; override_padding=&#8220;yes&#8220; column_padding=&#8220;2&#8243; overlay_alpha=&#8220;50&#8243; shadow=&#8220;sm&#8220; shift_x=&#8220;0&#8243; shift_y=&#8220;0&#8243; shift_y_down=&#8220;0&#8243; z_index=&#8220;0&#8243; medium_width=&#8220;0&#8243; mobile_width=&#8220;0&#8243; width=&#8220;1\/3&#8243; uncode_shortcode_id=&#8220;152235&#8243;][vc_custom_heading heading_semantic=&#8220;h5&#8243; text_size=&#8220;h5&#8243; uncode_shortcode_id=&#8220;146530&#8243;]Filtersysteme:[\/vc_custom_heading][vc_column_text text_lead=&#8220;small&#8220; uncode_shortcode_id=&#8220;105801&#8243;]Reinigung des Wassers von Verunreinigungen zum Schutz der Kanonen und Systemkomponenten.[\/vc_column_text][\/vc_column_inner][\/vc_row_inner][\/vc_column][\/vc_row]<\/p>\n<\/div>","protected":false},"excerpt":{"rendered":"<p>[vc_row row_height_percent=&#8220;0&#8243; overlay_alpha=&#8220;50&#8243; gutter_size=&#8220;3&#8243; column_width_percent=&#8220;100&#8243; shift_y=&#8220;0&#8243; z_index=&#8220;0&#8243; content_parallax=&#8220;0&#8243; uncode_shortcode_id=&#8220;818396&#8243; row_height_pixel=&#8220;574px&#8220;][vc_column width=&#8220;1\/1&#8243;][vc_row_inner][vc_column_inner column_width_percent=&#8220;100&#8243; align_horizontal=&#8220;align_center&#8220; gutter_size=&#8220;3&#8243; overlay_alpha=&#8220;50&#8243; shift_x=&#8220;0&#8243; shift_y=&#8220;0&#8243; shift_y_down=&#8220;0&#8243; z_index=&#8220;0&#8243; medium_width=&#8220;0&#8243; [&hellip;]<\/p>\n","protected":false},"author":2,"featured_media":0,"parent":0,"menu_order":0,"comment_status":"closed","ping_status":"closed","template":"","meta":{"_acf_changed":false,"footnotes":""},"class_list":["post-160428","page","type-page","status-publish","hentry"],"acf":[],"_links":{"self":[{"href":"https:\/\/www.supersnow.com\/de\/wp-json\/wp\/v2\/pages\/160428","targetHints":{"allow":["GET"]}}],"collection":[{"href":"https:\/\/www.supersnow.com\/de\/wp-json\/wp\/v2\/pages"}],"about":[{"href":"https:\/\/www.supersnow.com\/de\/wp-json\/wp\/v2\/types\/page"}],"author":[{"embeddable":true,"href":"https:\/\/www.supersnow.com\/de\/wp-json\/wp\/v2\/users\/2"}],"replies":[{"embeddable":true,"href":"https:\/\/www.supersnow.com\/de\/wp-json\/wp\/v2\/comments?post=160428"}],"version-history":[{"count":3,"href":"https:\/\/www.supersnow.com\/de\/wp-json\/wp\/v2\/pages\/160428\/revisions"}],"predecessor-version":[{"id":160431,"href":"https:\/\/www.supersnow.com\/de\/wp-json\/wp\/v2\/pages\/160428\/revisions\/160431"}],"wp:attachment":[{"href":"https:\/\/www.supersnow.com\/de\/wp-json\/wp\/v2\/media?parent=160428"}],"curies":[{"name":"wp","href":"https:\/\/api.w.org\/{rel}","templated":true}]}}