{"id":160439,"date":"2025-09-19T08:53:08","date_gmt":"2025-09-19T08:53:08","guid":{"rendered":"https:\/\/supersnow.pl\/sistemi\/"},"modified":"2025-11-20T19:46:02","modified_gmt":"2025-11-20T19:46:02","slug":"sistemi","status":"publish","type":"page","link":"https:\/\/www.supersnow.com\/it\/sistemi\/","title":{"rendered":"Sistemi"},"content":{"rendered":"<div class=\"wpb-content-wrapper\"><p>[vc_row row_height_percent=&#8221;0&#8243; overlay_alpha=&#8221;50&#8243; gutter_size=&#8221;3&#8243; column_width_percent=&#8221;100&#8243; shift_y=&#8221;0&#8243; z_index=&#8221;0&#8243; content_parallax=&#8221;0&#8243; uncode_shortcode_id=&#8221;818396&#8243; row_height_pixel=&#8221;574px&#8221;][vc_column width=&#8221;1\/1&#8243;][vc_row_inner][vc_column_inner column_width_percent=&#8221;100&#8243; align_horizontal=&#8221;align_center&#8221; gutter_size=&#8221;3&#8243; overlay_alpha=&#8221;50&#8243; shift_x=&#8221;0&#8243; shift_y=&#8221;0&#8243; shift_y_down=&#8221;0&#8243; z_index=&#8221;0&#8243; medium_width=&#8221;0&#8243; mobile_width=&#8221;0&#8243; width=&#8221;1\/1&#8243; uncode_shortcode_id=&#8221;223086&#8243;][vc_custom_heading heading_semantic=&#8221;h1&#8243; text_size=&#8221;h1&#8243; text_transform=&#8221;uppercase&#8221; uncode_shortcode_id=&#8221;229030&#8243;]Sistemi[\/vc_custom_heading][\/vc_column_inner][\/vc_row_inner][vc_row_inner][vc_column_inner column_width_use_pixel=&#8221;yes&#8221; align_horizontal=&#8221;align_center&#8221; gutter_size=&#8221;3&#8243; overlay_alpha=&#8221;50&#8243; shift_x=&#8221;0&#8243; shift_y=&#8221;0&#8243; shift_y_down=&#8221;0&#8243; z_index=&#8221;0&#8243; medium_width=&#8221;0&#8243; mobile_width=&#8221;0&#8243; width=&#8221;1\/1&#8243; uncode_shortcode_id=&#8221;519642&#8243; column_width_pixel=&#8221;720&#8243;][vc_column_text uncode_shortcode_id=&#8221;212008&#8243;]I sistemi di innevamento SUPERSNOW sono l&#8217;infrastruttura tecnica completa che comprende stazioni di pompaggio, condutture, energia, automazione e attrezzature per l&#8217;innevamento necessarie per il funzionamento operativo di un comprensorio sciistico. Grazie alla progettazione individuale e all&#8217;integrazione di tutti i componenti, il sistema garantisce una produzione controllata ed efficiente di neve tecnica in tutte le condizioni.[\/vc_column_text][vc_button button_color=&#8221;color-jevc&#8221; border_width=&#8221;0&#8243; button_color_type=&#8221;uncode-palette&#8221; uncode_shortcode_id=&#8221;154757&#8243;]Contattaci[\/vc_button][\/vc_column_inner][\/vc_row_inner][\/vc_column][\/vc_row][vc_row][vc_column column_width_percent=&#8221;100&#8243; align_horizontal=&#8221;align_center&#8221; gutter_size=&#8221;4&#8243; overlay_alpha=&#8221;50&#8243; shift_x=&#8221;0&#8243; shift_y=&#8221;0&#8243; shift_y_down=&#8221;0&#8243; z_index=&#8221;0&#8243; medium_width=&#8221;0&#8243; mobile_width=&#8221;0&#8243; width=&#8221;1\/1&#8243; uncode_shortcode_id=&#8221;105442&#8243;][vc_row_inner][vc_column_inner width=&#8221;2\/3&#8243;][vc_custom_heading heading_semantic=&#8221;h3&#8243; text_size=&#8221;h3&#8243; uncode_shortcode_id=&#8221;122102&#8243;]Sistemi e design[\/vc_custom_heading][vc_column_text uncode_shortcode_id=&#8221;170159&#8243;]La progettazione degli impianti di innevamento di SUPERSNOW \u00e8 un processo basato sull&#8217;analisi delle condizioni locali, sull&#8217;ispezione sul campo e sulla selezione individuale dei componenti tecnici, guidato da un team di ingegneri specializzati in idraulica, automazione, elettricit\u00e0 e comunicazioni.[\/vc_column_text][\/vc_column_inner][vc_column_inner width=&#8221;1\/3&#8243;][\/vc_column_inner][\/vc_row_inner][vc_single_image media=&#8221;17&#8243; media_width_percent=&#8221;100&#8243; uncode_shortcode_id=&#8221;206338&#8243;][vc_row_inner][vc_column_inner column_width_percent=&#8221;100&#8243; position_vertical=&#8221;justify&#8221; align_horizontal=&#8221;align_center&#8221; gutter_size=&#8221;2&#8243; overlay_alpha=&#8221;50&#8243; shadow=&#8221;sm&#8221; shift_x=&#8221;0&#8243; shift_y=&#8221;0&#8243; shift_y_down=&#8221;0&#8243; z_index=&#8221;0&#8243; medium_width=&#8221;0&#8243; mobile_width=&#8221;0&#8243; width=&#8221;1\/4&#8243; uncode_shortcode_id=&#8221;655595&#8243; css=&#8221;.vc_custom_1758274322975{padding-top: 20px !important;padding-right: 10px !important;padding-bottom: 20px !important;padding-left: 10px !important;}&#8221;][vc_custom_heading heading_semantic=&#8221;h5&#8243; text_size=&#8221;h5&#8243; uncode_shortcode_id=&#8221;209950&#8243;]sistemi di innevamento:[\/vc_custom_heading][vc_column_text text_lead=&#8221;small&#8221; uncode_shortcode_id=&#8221;114365&#8243;]Infrastruttura completa per una produzione tecnica di neve affidabile.[\/vc_column_text][vc_button size=&#8221;btn-sm&#8221; outline=&#8221;yes&#8221; border_width=&#8221;0&#8243; uncode_shortcode_id=&#8221;195639&#8243;]Per saperne di pi\u00f9[\/vc_button][\/vc_column_inner][vc_column_inner column_width_percent=&#8221;100&#8243; position_vertical=&#8221;justify&#8221; align_horizontal=&#8221;align_center&#8221; gutter_size=&#8221;2&#8243; overlay_alpha=&#8221;50&#8243; shadow=&#8221;sm&#8221; shift_x=&#8221;0&#8243; shift_y=&#8221;0&#8243; shift_y_down=&#8221;0&#8243; z_index=&#8221;0&#8243; medium_width=&#8221;0&#8243; mobile_width=&#8221;0&#8243; width=&#8221;1\/4&#8243; uncode_shortcode_id=&#8221;149039&#8243; css=&#8221;.vc_custom_1758274638216{padding-top: 20px !important;padding-right: 10px !important;padding-bottom: 20px !important;padding-left: 10px !important;}&#8221;][vc_custom_heading heading_semantic=&#8221;h5&#8243; text_size=&#8221;h5&#8243; uncode_shortcode_id=&#8221;998264&#8243;]Progettazione del sistema:[\/vc_custom_heading][vc_column_text text_lead=&#8221;small&#8221; uncode_shortcode_id=&#8221;572488&#8243;]Progettare impianti di innevamento in base alle condizioni e alle esigenze del cliente.[\/vc_column_text][vc_button size=&#8221;btn-sm&#8221; outline=&#8221;yes&#8221; border_width=&#8221;0&#8243; uncode_shortcode_id=&#8221;195639&#8243;]Per saperne di pi\u00f9[\/vc_button][\/vc_column_inner][vc_column_inner column_width_percent=&#8221;100&#8243; position_vertical=&#8221;justify&#8221; align_horizontal=&#8221;align_center&#8221; gutter_size=&#8221;2&#8243; overlay_alpha=&#8221;50&#8243; shadow=&#8221;sm&#8221; shift_x=&#8221;0&#8243; shift_y=&#8221;0&#8243; shift_y_down=&#8221;0&#8243; z_index=&#8221;0&#8243; medium_width=&#8221;0&#8243; mobile_width=&#8221;0&#8243; width=&#8221;1\/4&#8243; uncode_shortcode_id=&#8221;113900&#8243; css=&#8221;.vc_custom_1758274642452{padding-top: 20px !important;padding-right: 10px !important;padding-bottom: 20px !important;padding-left: 10px !important;}&#8221;][vc_custom_heading heading_semantic=&#8221;h5&#8243; text_size=&#8221;h5&#8243; uncode_shortcode_id=&#8221;195063&#8243;]Progettazione di profili di pendenza:[\/vc_custom_heading][vc_column_text text_lead=&#8221;small&#8221; uncode_shortcode_id=&#8221;165938&#8243;]Modellazione delle piste da sci tenendo conto del percorso e della pendenza ottimali.[\/vc_column_text][vc_button size=&#8221;btn-sm&#8221; outline=&#8221;yes&#8221; border_width=&#8221;0&#8243; uncode_shortcode_id=&#8221;195639&#8243;]Per saperne di pi\u00f9[\/vc_button][\/vc_column_inner][vc_column_inner column_width_percent=&#8221;100&#8243; position_vertical=&#8221;justify&#8221; align_horizontal=&#8221;align_center&#8221; gutter_size=&#8221;2&#8243; overlay_alpha=&#8221;50&#8243; shadow=&#8221;sm&#8221; shift_x=&#8221;0&#8243; shift_y=&#8221;0&#8243; shift_y_down=&#8221;0&#8243; z_index=&#8221;0&#8243; medium_width=&#8221;0&#8243; mobile_width=&#8221;0&#8243; width=&#8221;1\/4&#8243; uncode_shortcode_id=&#8221;661031&#8243; css=&#8221;.vc_custom_1758274645938{padding-top: 20px !important;padding-right: 10px !important;padding-bottom: 20px !important;padding-left: 10px !important;}&#8221;][vc_custom_heading heading_semantic=&#8221;h5&#8243; text_size=&#8221;h5&#8243; uncode_shortcode_id=&#8221;130291&#8243;]Sistemi d&#8217;aria centrale:[\/vc_custom_heading][vc_column_text text_lead=&#8221;small&#8221; uncode_shortcode_id=&#8221;603035&#8243;]Sistemi ad aria compressa che alimentano le lance e i cannoni da neve sulle piste.[\/vc_column_text][vc_button size=&#8221;btn-sm&#8221; outline=&#8221;yes&#8221; border_width=&#8221;0&#8243; uncode_shortcode_id=&#8221;195639&#8243;]Per saperne di pi\u00f9[\/vc_button][\/vc_column_inner][\/vc_row_inner][vc_row_inner][vc_column_inner column_width_percent=&#8221;100&#8243; position_vertical=&#8221;justify&#8221; align_horizontal=&#8221;align_center&#8221; gutter_size=&#8221;2&#8243; overlay_alpha=&#8221;4&#8243; shadow=&#8221;sm&#8221; shift_x=&#8221;0&#8243; shift_y=&#8221;0&#8243; shift_y_down=&#8221;0&#8243; z_index=&#8221;0&#8243; medium_width=&#8221;0&#8243; mobile_width=&#8221;0&#8243; width=&#8221;1\/4&#8243; uncode_shortcode_id=&#8221;167059&#8243; css=&#8221;.vc_custom_1758274650493{padding-top: 20px !important;padding-right: 10px !important;padding-bottom: 20px !important;padding-left: 10px !important;}&#8221;][vc_custom_heading heading_semantic=&#8221;h5&#8243; text_size=&#8221;h5&#8243; uncode_shortcode_id=&#8221;106671&#8243;]Reti elettriche di Nastok:[\/vc_custom_heading][vc_column_text text_lead=&#8221;small&#8221; uncode_shortcode_id=&#8221;637804&#8243;]Fornitura di attrezzature per l&#8217;innevamento tramite reti elettriche distribuite.[\/vc_column_text][vc_button size=&#8221;btn-sm&#8221; outline=&#8221;yes&#8221; border_width=&#8221;0&#8243; uncode_shortcode_id=&#8221;195639&#8243;]Per saperne di pi\u00f9[\/vc_button][\/vc_column_inner][vc_column_inner column_width_percent=&#8221;100&#8243; position_vertical=&#8221;justify&#8221; align_horizontal=&#8221;align_center&#8221; gutter_size=&#8221;2&#8243; overlay_alpha=&#8221;50&#8243; shadow=&#8221;sm&#8221; shift_x=&#8221;0&#8243; shift_y=&#8221;0&#8243; shift_y_down=&#8221;0&#8243; z_index=&#8221;0&#8243; medium_width=&#8221;0&#8243; mobile_width=&#8221;0&#8243; width=&#8221;1\/4&#8243; uncode_shortcode_id=&#8221;107445&#8243; css=&#8221;.vc_custom_1758274654160{padding-top: 20px !important;padding-right: 10px !important;padding-bottom: 20px !important;padding-left: 10px !important;}&#8221;][vc_custom_heading heading_semantic=&#8221;h5&#8243; text_size=&#8221;h5&#8243; uncode_shortcode_id=&#8221;575870&#8243;]Pozzi:[\/vc_custom_heading][vc_column_text text_lead=&#8221;small&#8221; uncode_shortcode_id=&#8221;194440&#8243;]Punti d&#8217;acqua progettati tenendo conto dei sistemi di innevamento.[\/vc_column_text][vc_button size=&#8221;btn-sm&#8221; outline=&#8221;yes&#8221; border_width=&#8221;0&#8243; uncode_shortcode_id=&#8221;195639&#8243;]Per saperne di pi\u00f9[\/vc_button][\/vc_column_inner][vc_column_inner column_width_percent=&#8221;100&#8243; position_vertical=&#8221;justify&#8221; align_horizontal=&#8221;align_center&#8221; gutter_size=&#8221;2&#8243; overlay_alpha=&#8221;50&#8243; shadow=&#8221;sm&#8221; shift_x=&#8221;0&#8243; shift_y=&#8221;0&#8243; shift_y_down=&#8221;0&#8243; z_index=&#8221;0&#8243; medium_width=&#8221;0&#8243; mobile_width=&#8221;0&#8243; width=&#8221;1\/4&#8243; uncode_shortcode_id=&#8221;203798&#8243; css=&#8221;.vc_custom_1758274658046{padding-top: 20px !important;padding-right: 10px !important;padding-bottom: 20px !important;padding-left: 10px !important;}&#8221;][vc_custom_heading heading_semantic=&#8221;h5&#8243; text_size=&#8221;h5&#8243; uncode_shortcode_id=&#8221;160864&#8243;]Bracci e pali:[\/vc_custom_heading][vc_column_text text_lead=&#8221;small&#8221; uncode_shortcode_id=&#8221;580287&#8243;]Strutture di supporto per l&#8217;installazione di impianti di innevamento sulle piste.[\/vc_column_text][vc_button size=&#8221;btn-sm&#8221; outline=&#8221;yes&#8221; border_width=&#8221;0&#8243; uncode_shortcode_id=&#8221;195639&#8243;]Per saperne di pi\u00f9[\/vc_button][\/vc_column_inner][vc_column_inner column_width_percent=&#8221;100&#8243; position_vertical=&#8221;justify&#8221; align_horizontal=&#8221;align_center&#8221; gutter_size=&#8221;3&#8243; overlay_alpha=&#8221;50&#8243; shift_x=&#8221;0&#8243; shift_y=&#8221;0&#8243; shift_y_down=&#8221;0&#8243; z_index=&#8221;0&#8243; medium_width=&#8221;0&#8243; mobile_width=&#8221;0&#8243; width=&#8221;1\/4&#8243; uncode_shortcode_id=&#8221;159982&#8243;][\/vc_column_inner][\/vc_row_inner][\/vc_column][\/vc_row][vc_row][vc_column column_width_percent=&#8221;100&#8243; align_horizontal=&#8221;align_center&#8221; gutter_size=&#8221;4&#8243; overlay_alpha=&#8221;50&#8243; shift_x=&#8221;0&#8243; shift_y=&#8221;0&#8243; shift_y_down=&#8221;0&#8243; z_index=&#8221;0&#8243; medium_width=&#8221;0&#8243; mobile_width=&#8221;0&#8243; width=&#8221;1\/1&#8243; uncode_shortcode_id=&#8221;106957&#8243;][vc_row_inner][vc_column_inner width=&#8221;2\/3&#8243;][vc_custom_heading heading_semantic=&#8221;h3&#8243; text_size=&#8221;h3&#8243; uncode_shortcode_id=&#8221;190155&#8243;]Acqua[\/vc_custom_heading][vc_column_text uncode_shortcode_id=&#8221;159576&#8243;]L&#8217;acqua \u00e8 un mezzo fondamentale in un sistema di innevamento: la sua disponibilit\u00e0, qualit\u00e0 e pressione influiscono direttamente sull&#8217;efficienza della produzione di neve tecnica. SUPERSNOW pone una forte enfasi sulle soluzioni di ritenzione, che permettono all&#8217;acqua di essere raccolta, trattata e riutilizzata, oltre a essere riciclata naturalmente dopo un periodo di scioglimento della neve.[\/vc_column_text][\/vc_column_inner][vc_column_inner width=&#8221;1\/3&#8243;][\/vc_column_inner][\/vc_row_inner][vc_single_image media=&#8221;17&#8243; media_width_percent=&#8221;100&#8243; uncode_shortcode_id=&#8221;206338&#8243;][vc_row_inner row_inner_height_percent=&#8221;0&#8243; overlay_alpha=&#8221;50&#8243; gutter_size=&#8221;4&#8243; shift_y=&#8221;0&#8243; z_index=&#8221;0&#8243; uncode_shortcode_id=&#8221;135492&#8243;][vc_column_inner column_width_percent=&#8221;100&#8243; align_horizontal=&#8221;align_center&#8221; gutter_size=&#8221;3&#8243; override_padding=&#8221;yes&#8221; column_padding=&#8221;2&#8243; overlay_alpha=&#8221;50&#8243; shadow=&#8221;sm&#8221; shift_x=&#8221;0&#8243; shift_y=&#8221;0&#8243; shift_y_down=&#8221;0&#8243; z_index=&#8221;0&#8243; medium_width=&#8221;0&#8243; mobile_width=&#8221;0&#8243; width=&#8221;1\/3&#8243; uncode_shortcode_id=&#8221;200129&#8243;][vc_custom_heading heading_semantic=&#8221;h5&#8243; text_size=&#8221;h5&#8243; uncode_shortcode_id=&#8221;193022&#8243;]Serbatoi d&#8217;acqua:[\/vc_custom_heading][vc_column_text text_lead=&#8221;small&#8221; uncode_shortcode_id=&#8221;206351&#8243;]Stoccaggio dell&#8217;acqua per l&#8217;innevamento tenendo conto della ritenzione e delle condizioni locali.[\/vc_column_text][\/vc_column_inner][vc_column_inner column_width_percent=&#8221;100&#8243; align_horizontal=&#8221;align_center&#8221; gutter_size=&#8221;3&#8243; override_padding=&#8221;yes&#8221; column_padding=&#8221;2&#8243; overlay_alpha=&#8221;50&#8243; shadow=&#8221;sm&#8221; shift_x=&#8221;0&#8243; shift_y=&#8221;0&#8243; shift_y_down=&#8221;0&#8243; z_index=&#8221;0&#8243; medium_width=&#8221;0&#8243; mobile_width=&#8221;0&#8243; width=&#8221;1\/3&#8243; uncode_shortcode_id=&#8221;686903&#8243;][vc_custom_heading heading_semantic=&#8221;h5&#8243; text_size=&#8221;h5&#8243; uncode_shortcode_id=&#8221;655585&#8243;]Tubi:[\/vc_custom_heading][vc_column_text text_lead=&#8221;small&#8221; uncode_shortcode_id=&#8221;983045&#8243;]Tubi in ghisa a marchio TRM per impieghi gravosi, resistenti alla pressione e alle condizioni del terreno sulle piste.[\/vc_column_text][\/vc_column_inner][vc_column_inner column_width_percent=&#8221;100&#8243; align_horizontal=&#8221;align_center&#8221; gutter_size=&#8221;3&#8243; override_padding=&#8221;yes&#8221; column_padding=&#8221;2&#8243; overlay_alpha=&#8221;50&#8243; shadow=&#8221;sm&#8221; shift_x=&#8221;0&#8243; shift_y=&#8221;0&#8243; shift_y_down=&#8221;0&#8243; z_index=&#8221;0&#8243; medium_width=&#8221;0&#8243; mobile_width=&#8221;0&#8243; width=&#8221;1\/3&#8243; uncode_shortcode_id=&#8221;152235&#8243;][vc_custom_heading heading_semantic=&#8221;h5&#8243; text_size=&#8221;h5&#8243; uncode_shortcode_id=&#8221;772664&#8243;]Stazioni di pompaggio:[\/vc_custom_heading][vc_column_text text_lead=&#8221;small&#8221; uncode_shortcode_id=&#8221;976700&#8243;]Punti di approvvigionamento centrale di acqua ad alta pressione per gli impianti di innevamento.[\/vc_column_text][\/vc_column_inner][\/vc_row_inner][vc_row_inner row_inner_height_percent=&#8221;0&#8243; overlay_alpha=&#8221;50&#8243; gutter_size=&#8221;4&#8243; shift_y=&#8221;0&#8243; z_index=&#8221;0&#8243; uncode_shortcode_id=&#8221;135492&#8243;][vc_column_inner column_width_percent=&#8221;100&#8243; align_horizontal=&#8221;align_center&#8221; gutter_size=&#8221;3&#8243; override_padding=&#8221;yes&#8221; column_padding=&#8221;2&#8243; overlay_alpha=&#8221;50&#8243; shadow=&#8221;sm&#8221; shift_x=&#8221;0&#8243; shift_y=&#8221;0&#8243; shift_y_down=&#8221;0&#8243; z_index=&#8221;0&#8243; medium_width=&#8221;0&#8243; mobile_width=&#8221;0&#8243; width=&#8221;1\/3&#8243; uncode_shortcode_id=&#8221;200129&#8243;][vc_custom_heading heading_semantic=&#8221;h5&#8243; text_size=&#8221;h5&#8243; uncode_shortcode_id=&#8221;106220&#8243;]Stazioni di pompaggio mobili:[\/vc_custom_heading][vc_column_text text_lead=&#8221;small&#8221; uncode_shortcode_id=&#8221;144452&#8243;]Moduli di pompaggio pronti all&#8217;uso in un container, ideali per i terreni difficili.[\/vc_column_text][\/vc_column_inner][vc_column_inner column_width_percent=&#8221;100&#8243; align_horizontal=&#8221;align_center&#8221; gutter_size=&#8221;3&#8243; override_padding=&#8221;yes&#8221; column_padding=&#8221;2&#8243; overlay_alpha=&#8221;50&#8243; shadow=&#8221;sm&#8221; shift_x=&#8221;0&#8243; shift_y=&#8221;0&#8243; shift_y_down=&#8221;0&#8243; z_index=&#8221;0&#8243; medium_width=&#8221;0&#8243; mobile_width=&#8221;0&#8243; width=&#8221;1\/3&#8243; uncode_shortcode_id=&#8221;686903&#8243;][vc_custom_heading heading_semantic=&#8221;h5&#8243; text_size=&#8221;h5&#8243; uncode_shortcode_id=&#8221;929194&#8243;]Torri di raffreddamento:[\/vc_custom_heading][vc_column_text text_lead=&#8221;small&#8221; uncode_shortcode_id=&#8221;104946&#8243;]Raffreddamento dell&#8217;acqua di alimentazione del sistema, migliorando l&#8217;efficienza dell&#8217;innevamento.[\/vc_column_text][\/vc_column_inner][vc_column_inner column_width_percent=&#8221;100&#8243; align_horizontal=&#8221;align_center&#8221; gutter_size=&#8221;3&#8243; override_padding=&#8221;yes&#8221; column_padding=&#8221;2&#8243; overlay_alpha=&#8221;50&#8243; shadow=&#8221;sm&#8221; shift_x=&#8221;0&#8243; shift_y=&#8221;0&#8243; shift_y_down=&#8221;0&#8243; z_index=&#8221;0&#8243; medium_width=&#8221;0&#8243; mobile_width=&#8221;0&#8243; width=&#8221;1\/3&#8243; uncode_shortcode_id=&#8221;152235&#8243;][vc_custom_heading heading_semantic=&#8221;h5&#8243; text_size=&#8221;h5&#8243; uncode_shortcode_id=&#8221;146530&#8243;]Sistemi di filtraggio:[\/vc_custom_heading][vc_column_text text_lead=&#8221;small&#8221; uncode_shortcode_id=&#8221;105801&#8243;]Purificazione dell&#8217;acqua dai contaminanti per proteggere i cannoni e i componenti del sistema.[\/vc_column_text][\/vc_column_inner][\/vc_row_inner][\/vc_column][\/vc_row]<\/p>\n<\/div>","protected":false},"excerpt":{"rendered":"<p>[vc_row row_height_percent=&#8221;0&#8243; overlay_alpha=&#8221;50&#8243; gutter_size=&#8221;3&#8243; column_width_percent=&#8221;100&#8243; shift_y=&#8221;0&#8243; z_index=&#8221;0&#8243; content_parallax=&#8221;0&#8243; uncode_shortcode_id=&#8221;818396&#8243; row_height_pixel=&#8221;574px&#8221;][vc_column width=&#8221;1\/1&#8243;][vc_row_inner][vc_column_inner column_width_percent=&#8221;100&#8243; align_horizontal=&#8221;align_center&#8221; gutter_size=&#8221;3&#8243; overlay_alpha=&#8221;50&#8243; shift_x=&#8221;0&#8243; shift_y=&#8221;0&#8243; shift_y_down=&#8221;0&#8243; z_index=&#8221;0&#8243; medium_width=&#8221;0&#8243; [&hellip;]<\/p>\n","protected":false},"author":2,"featured_media":0,"parent":0,"menu_order":0,"comment_status":"closed","ping_status":"closed","template":"","meta":{"_acf_changed":false,"footnotes":""},"class_list":["post-160439","page","type-page","status-publish","hentry"],"acf":[],"_links":{"self":[{"href":"https:\/\/www.supersnow.com\/it\/wp-json\/wp\/v2\/pages\/160439","targetHints":{"allow":["GET"]}}],"collection":[{"href":"https:\/\/www.supersnow.com\/it\/wp-json\/wp\/v2\/pages"}],"about":[{"href":"https:\/\/www.supersnow.com\/it\/wp-json\/wp\/v2\/types\/page"}],"author":[{"embeddable":true,"href":"https:\/\/www.supersnow.com\/it\/wp-json\/wp\/v2\/users\/2"}],"replies":[{"embeddable":true,"href":"https:\/\/www.supersnow.com\/it\/wp-json\/wp\/v2\/comments?post=160439"}],"version-history":[{"count":3,"href":"https:\/\/www.supersnow.com\/it\/wp-json\/wp\/v2\/pages\/160439\/revisions"}],"predecessor-version":[{"id":160445,"href":"https:\/\/www.supersnow.com\/it\/wp-json\/wp\/v2\/pages\/160439\/revisions\/160445"}],"wp:attachment":[{"href":"https:\/\/www.supersnow.com\/it\/wp-json\/wp\/v2\/media?parent=160439"}],"curies":[{"name":"wp","href":"https:\/\/api.w.org\/{rel}","templated":true}]}}