{"id":165160,"date":"2025-12-01T04:17:19","date_gmt":"2025-12-01T04:17:19","guid":{"rendered":"https:\/\/www.supersnow.pl\/cariera\/"},"modified":"2025-12-14T18:22:36","modified_gmt":"2025-12-14T18:22:36","slug":"cariera","status":"publish","type":"page","link":"https:\/\/www.supersnow.com\/ro\/cariera\/","title":{"rendered":"Carier\u0103"},"content":{"rendered":"<div class=\"wpb-content-wrapper\"><p>[vc_row row_height_percent=&#8221;40&#8243; back_image=&#8221;159764&#8243; overlay_alpha=&#8221;50&#8243; gutter_size=&#8221;3&#8243; column_width_percent=&#8221;100&#8243; shift_y=&#8221;0&#8243; z_index=&#8221;0&#8243; content_parallax=&#8221;0&#8243; uncode_shortcode_id=&#8221;943977&#8243; row_height_pixel=&#8221;480px&#8221;][vc_column column_width_percent=&#8221;100&#8243; position_vertical=&#8221;middle&#8221; align_horizontal=&#8221;align_center&#8221; gutter_size=&#8221;2&#8243; style=&#8221;dark&#8221; overlay_alpha=&#8221;50&#8243; shift_x=&#8221;0&#8243; shift_y=&#8221;0&#8243; shift_y_down=&#8221;0&#8243; z_index=&#8221;0&#8243; medium_width=&#8221;0&#8243; mobile_width=&#8221;0&#8243; width=&#8221;1\/1&#8243; uncode_shortcode_id=&#8221;859154&#8243;][vc_custom_heading heading_semantic=&#8221;h1&#8243; text_size=&#8221;h1&#8243; text_height=&#8221;fontheight-524109&#8243; uncode_shortcode_id=&#8221;107872&#8243;]Oportunit\u0103\u021bi de angajare<br \/>\nSUPERSNOW[\/vc_custom_heading][vc_separator sep_color=&#8221;color-xsdn&#8221; uncode_shortcode_id=&#8221;209425&#8243; sep_color_type=&#8221;uncode-palette&#8221; el_width=&#8221;100px&#8221; el_height=&#8221;2px&#8221;][\/vc_column][\/vc_row][vc_row row_height_percent=&#8221;0&#8243; override_padding=&#8221;yes&#8221; h_padding=&#8221;2&#8243; top_padding=&#8221;3&#8243; bottom_padding=&#8221;2&#8243; overlay_alpha=&#8221;50&#8243; gutter_size=&#8221;3&#8243; column_width_percent=&#8221;100&#8243; shift_y=&#8221;0&#8243; z_index=&#8221;0&#8243; content_parallax=&#8221;0&#8243; uncode_shortcode_id=&#8221;875923&#8243;][vc_column width=&#8221;1\/1&#8243;][vc_row_inner][vc_column_inner column_width_percent=&#8221;100&#8243; gutter_size=&#8221;3&#8243; overlay_alpha=&#8221;50&#8243; shift_x=&#8221;0&#8243; shift_y=&#8221;0&#8243; shift_y_down=&#8221;0&#8243; z_index=&#8221;0&#8243; medium_width=&#8221;0&#8243; mobile_width=&#8221;0&#8243; width=&#8221;1\/1&#8243; uncode_shortcode_id=&#8221;155192&#8243;][vc_custom_heading heading_semantic=&#8221;h3&#8243; text_size=&#8221;h3&#8243; uncode_shortcode_id=&#8221;782159&#8243;]Al\u0103tur\u0103-te echipei SUPERSNOW! \u00cen prezent recrut\u0103m:[\/vc_custom_heading][vc_separator sep_color=&#8221;color-169719&#8243; uncode_shortcode_id=&#8221;134428&#8243; sep_color_type=&#8221;uncode-palette&#8221; el_width=&#8221;100px&#8221; el_height=&#8221;2px&#8221;][vc_column_text uncode_shortcode_id=&#8221;114888&#8243;]Candidaturile (CV) trebuie trimise la adresa: <a href=\"mailto:rekrutacja@supersnow.com\">rekrutacja@supersnow.com.<\/a> \u00cen titlul mesajului, v\u0103 rug\u0103m s\u0103 include\u021bi titlul postului \u0219i numele \u0219i prenumele candidatului. Ne rezerv\u0103m dreptul de a contacta candida\u021bii selecta\u021bi.[\/vc_column_text][vc_icon position=&#8221;left&#8221; space_reduced=&#8221;yes&#8221; icon=&#8221;fa fa-briefcase&#8221; heading_semantic=&#8221;p&#8221; text_size=&#8221;fontsize-160000&#8243; linked_title=&#8221;yes&#8221; uncode_shortcode_id=&#8221;191035&#8243; title=&#8221;CONSTRUCTOR&#8221; link=&#8221;url:https%3A%2F%2Fsupersnow.pl%2Fwp-content%2Fuploads%2F2025%2F12%2FOgloszenie-na-prace-KONSTRUKTOR-.pdf|target:_blank|rel:nofollow|&#8221;][\/vc_icon][vc_icon position=&#8221;left&#8221; space_reduced=&#8221;yes&#8221; icon=&#8221;fa fa-briefcase&#8221; heading_semantic=&#8221;p&#8221; text_size=&#8221;fontsize-160000&#8243; linked_title=&#8221;yes&#8221; uncode_shortcode_id=&#8221;978322&#8243; title=&#8221;OFI\u021aER DE LICITA\u021aII \u0218I PROIECTE&#8221; link=&#8221;url:https%3A%2F%2Fsupersnow.pl%2Fwp-content%2Fuploads%2F2025%2F12%2FOgloszenie-na-prace-PRACOWNIK-DZIALU-OFERTOWO-PROJEKTOWEGO.pdf|target:_blank|rel:nofollow|&#8221;][\/vc_icon][vc_icon position=&#8221;left&#8221; space_reduced=&#8221;yes&#8221; icon=&#8221;fa fa-briefcase&#8221; heading_semantic=&#8221;p&#8221; text_size=&#8221;fontsize-160000&#8243; linked_title=&#8221;yes&#8221; uncode_shortcode_id=&#8221;707460&#8243; title=&#8221;SPECIALIST \u00ceN INVESTI\u021aII \u00ceN CONSTRUC\u021aII &#8221; link=&#8221;url:https%3A%2F%2Fsupersnow.pl%2Fwp-content%2Fuploads%2F2025%2F12%2FOgloszenie-na-prace-Specjalista-Ds.-Inwestycji-Budowlanych.pdf|target:_blank|rel:nofollow|&#8221;][\/vc_icon][vc_icon position=&#8221;left&#8221; space_reduced=&#8221;yes&#8221; icon=&#8221;fa fa-briefcase&#8221; heading_semantic=&#8221;p&#8221; text_size=&#8221;fontsize-160000&#8243; linked_title=&#8221;yes&#8221; uncode_shortcode_id=&#8221;510656&#8243; title=&#8221;INSTALATOR INSTALA\u021aII SANITARE&#8221; link=&#8221;url:https%3A%2F%2Fsupersnow.pl%2Fwp-content%2Fuploads%2F2025%2F12%2FOgloszenie-na-prace-Monter-Instalacji-Hydraulicznych.pdf|target:_blank|rel:nofollow|&#8221;][\/vc_icon][vc_icon position=&#8221;left&#8221; space_reduced=&#8221;yes&#8221; icon=&#8221;fa fa-briefcase&#8221; heading_semantic=&#8221;p&#8221; text_size=&#8221;fontsize-160000&#8243; linked_title=&#8221;yes&#8221; uncode_shortcode_id=&#8221;119723&#8243; title=&#8221;AJUTOR INSTALATOR INSTALA\u021aII SANITARE&#8221; link=&#8221;url:https%3A%2F%2Fsupersnow.pl%2Fwp-content%2Fuploads%2F2025%2F12%2FOgloszenie-na-prace-POMOCNIK-MONTERA-INSTALACJI-HYDRAULICZNYCH.pdf|target:_blank|rel:nofollow|&#8221;][\/vc_icon][vc_icon position=&#8221;left&#8221; space_reduced=&#8221;yes&#8221; icon=&#8221;fa fa-briefcase&#8221; heading_semantic=&#8221;p&#8221; text_size=&#8221;fontsize-160000&#8243; linked_title=&#8221;yes&#8221; uncode_shortcode_id=&#8221;764805&#8243; title=&#8221;ASISTENT INSTALA\u021aII ELECTRICE&#8221; link=&#8221;url:https%3A%2F%2Fsupersnow.pl%2Fwp-content%2Fuploads%2F2025%2F12%2FOgloszenie-na-prace-POMOCNIK-MONTERA-INSTALACJI-ELEKTRYCZNYCH.pdf|target:_blank|rel:nofollow|&#8221;][\/vc_icon][\/vc_column_inner][\/vc_row_inner][\/vc_column][\/vc_row]<\/p>\n<\/div>","protected":false},"excerpt":{"rendered":"<p>[vc_row row_height_percent=&#8221;40&#8243; back_image=&#8221;159764&#8243; overlay_alpha=&#8221;50&#8243; gutter_size=&#8221;3&#8243; column_width_percent=&#8221;100&#8243; shift_y=&#8221;0&#8243; z_index=&#8221;0&#8243; content_parallax=&#8221;0&#8243; uncode_shortcode_id=&#8221;943977&#8243; row_height_pixel=&#8221;480px&#8221;][vc_column column_width_percent=&#8221;100&#8243; position_vertical=&#8221;middle&#8221; align_horizontal=&#8221;align_center&#8221; gutter_size=&#8221;2&#8243; style=&#8221;dark&#8221; overlay_alpha=&#8221;50&#8243; shift_x=&#8221;0&#8243; shift_y=&#8221;0&#8243; shift_y_down=&#8221;0&#8243; [&hellip;]<\/p>\n","protected":false},"author":3,"featured_media":0,"parent":0,"menu_order":0,"comment_status":"closed","ping_status":"closed","template":"","meta":{"_acf_changed":false,"footnotes":""},"class_list":["post-165160","page","type-page","status-publish","hentry"],"acf":[],"_links":{"self":[{"href":"https:\/\/www.supersnow.com\/ro\/wp-json\/wp\/v2\/pages\/165160","targetHints":{"allow":["GET"]}}],"collection":[{"href":"https:\/\/www.supersnow.com\/ro\/wp-json\/wp\/v2\/pages"}],"about":[{"href":"https:\/\/www.supersnow.com\/ro\/wp-json\/wp\/v2\/types\/page"}],"author":[{"embeddable":true,"href":"https:\/\/www.supersnow.com\/ro\/wp-json\/wp\/v2\/users\/3"}],"replies":[{"embeddable":true,"href":"https:\/\/www.supersnow.com\/ro\/wp-json\/wp\/v2\/comments?post=165160"}],"version-history":[{"count":7,"href":"https:\/\/www.supersnow.com\/ro\/wp-json\/wp\/v2\/pages\/165160\/revisions"}],"predecessor-version":[{"id":165171,"href":"https:\/\/www.supersnow.com\/ro\/wp-json\/wp\/v2\/pages\/165160\/revisions\/165171"}],"wp:attachment":[{"href":"https:\/\/www.supersnow.com\/ro\/wp-json\/wp\/v2\/media?parent=165160"}],"curies":[{"name":"wp","href":"https:\/\/api.w.org\/{rel}","templated":true}]}}