{"id":160142,"date":"2025-07-28T10:42:16","date_gmt":"2025-07-28T10:42:16","guid":{"rendered":"https:\/\/supersnow.pl\/zasady-ochrany-osobnych-udajov\/"},"modified":"2025-11-20T19:45:42","modified_gmt":"2025-11-20T19:45:42","slug":"zasady-ochrany-osobnych-udajov","status":"publish","type":"page","link":"https:\/\/www.supersnow.com\/sk\/zasady-ochrany-osobnych-udajov\/","title":{"rendered":"Z\u00e1sady ochrany osobn\u00fdch \u00fadajov"},"content":{"rendered":"<div class=\"wpb-content-wrapper\"><p>[vc_row][vc_column width=&#8220;1\/1&#8243;][\/vc_column][\/vc_row][vc_row][vc_column][vc_column_text uncode_shortcode_id=&#8220;183078&#8243;]<\/p>\n<p><a href=\"https:\/\/supersnow.pl\/wp-content\/uploads\/2025\/11\/Supersnow-Polityka-prywatnosci.pdf\" target=\"_blank\">Z\u00e1sady ochrany osobn\u00fdch \u00fadajov Stiahnu\u0165 PDF<\/a><\/p>\n<p>[\/vc_column_text][\/vc_column][\/vc_row]<\/p>\n<\/div>","protected":false},"excerpt":{"rendered":"<p>[vc_row][vc_column width=&#8220;1\/1&#8243;][\/vc_column][\/vc_row][vc_row][vc_column][vc_column_text uncode_shortcode_id=&#8220;183078&#8243;] Z\u00e1sady ochrany osobn\u00fdch \u00fadajov Stiahnu\u0165 PDF [\/vc_column_text][\/vc_column][\/vc_row]<\/p>\n","protected":false},"author":1,"featured_media":0,"parent":0,"menu_order":0,"comment_status":"closed","ping_status":"open","template":"","meta":{"_acf_changed":false,"footnotes":""},"class_list":["post-160142","page","type-page","status-publish","hentry"],"acf":[],"_links":{"self":[{"href":"https:\/\/www.supersnow.com\/sk\/wp-json\/wp\/v2\/pages\/160142","targetHints":{"allow":["GET"]}}],"collection":[{"href":"https:\/\/www.supersnow.com\/sk\/wp-json\/wp\/v2\/pages"}],"about":[{"href":"https:\/\/www.supersnow.com\/sk\/wp-json\/wp\/v2\/types\/page"}],"author":[{"embeddable":true,"href":"https:\/\/www.supersnow.com\/sk\/wp-json\/wp\/v2\/users\/1"}],"replies":[{"embeddable":true,"href":"https:\/\/www.supersnow.com\/sk\/wp-json\/wp\/v2\/comments?post=160142"}],"version-history":[{"count":2,"href":"https:\/\/www.supersnow.com\/sk\/wp-json\/wp\/v2\/pages\/160142\/revisions"}],"predecessor-version":[{"id":160144,"href":"https:\/\/www.supersnow.com\/sk\/wp-json\/wp\/v2\/pages\/160142\/revisions\/160144"}],"wp:attachment":[{"href":"https:\/\/www.supersnow.com\/sk\/wp-json\/wp\/v2\/media?parent=160142"}],"curies":[{"name":"wp","href":"https:\/\/api.w.org\/{rel}","templated":true}]}}