{"id":160476,"date":"2025-09-19T08:53:08","date_gmt":"2025-09-19T08:53:08","guid":{"rendered":"https:\/\/supersnow.pl\/systemy\/"},"modified":"2025-11-20T19:46:12","modified_gmt":"2025-11-20T19:46:12","slug":"systemy","status":"publish","type":"page","link":"https:\/\/www.supersnow.com\/sk\/systemy\/","title":{"rendered":"Syst\u00e9my"},"content":{"rendered":"<div class=\"wpb-content-wrapper\"><p>[vc_row row_height_percent=&#8220;0&#8243; overlay_alpha=&#8220;50&#8243; gutter_size=&#8220;3&#8243; column_width_percent=&#8220;100&#8243; shift_y=&#8220;0&#8243; z_index=&#8220;0&#8243; content_parallax=&#8220;0&#8243; uncode_shortcode_id=&#8220;818396&#8243; row_height_pixel=&#8220;574px&#8220;][vc_column width=&#8220;1\/1&#8243;][vc_row_inner][vc_column_inner column_width_percent=&#8220;100&#8243; align_horizontal=&#8220;align_center&#8220; gutter_size=&#8220;3&#8243; overlay_alpha=&#8220;50&#8243; shift_x=&#8220;0&#8243; shift_y=&#8220;0&#8243; shift_y_down=&#8220;0&#8243; z_index=&#8220;0&#8243; medium_width=&#8220;0&#8243; mobile_width=&#8220;0&#8243; width=&#8220;1\/1&#8243; uncode_shortcode_id=&#8220;223086&#8243;][vc_custom_heading heading_semantic=&#8220;h1&#8243; text_size=&#8220;h1&#8243; text_transform=&#8220;uppercase&#8220; uncode_shortcode_id=&#8220;229030&#8243;]Syst\u00e9my[\/vc_custom_heading][\/vc_column_inner][\/vc_row_inner][vc_row_inner][vc_column_inner column_width_use_pixel=&#8220;yes&#8220; align_horizontal=&#8220;align_center&#8220; gutter_size=&#8220;3&#8243; overlay_alpha=&#8220;50&#8243; shift_x=&#8220;0&#8243; shift_y=&#8220;0&#8243; shift_y_down=&#8220;0&#8243; z_index=&#8220;0&#8243; medium_width=&#8220;0&#8243; mobile_width=&#8220;0&#8243; width=&#8220;1\/1&#8243; uncode_shortcode_id=&#8220;519642&#8243; column_width_pixel=&#8220;720&#8243;][vc_column_text uncode_shortcode_id=&#8220;212008&#8243;]Zasne\u017eovacie syst\u00e9my SUPERSNOW predstavuj\u00fa kompletn\u00fa technick\u00fa infra\u0161trukt\u00faru vr\u00e1tane \u010derpac\u00edch stan\u00edc, potrub\u00ed, nap\u00e1jania, automatiz\u00e1cie a zasne\u017eovac\u00edch zariaden\u00ed potrebn\u00fdch na prev\u00e1dzku ly\u017eiarskeho strediska. V\u010faka individu\u00e1lnemu dizajnu a integr\u00e1cii v\u0161etk\u00fdch komponentov syst\u00e9m zabezpe\u010duje kontrolovan\u00fa a efekt\u00edvnu v\u00fdrobu technick\u00e9ho snehu za v\u0161etk\u00fdch podmienok.[\/vc_column_text][vc_button button_color=&#8220;color-jevc&#8220; border_width=&#8220;0&#8243; button_color_type=&#8220;uncode-palette&#8220; uncode_shortcode_id=&#8220;154757&#8243;]Kontaktujte n\u00e1s[\/vc_button][\/vc_column_inner][\/vc_row_inner][\/vc_column][\/vc_row][vc_row][vc_column column_width_percent=&#8220;100&#8243; align_horizontal=&#8220;align_center&#8220; gutter_size=&#8220;4&#8243; overlay_alpha=&#8220;50&#8243; shift_x=&#8220;0&#8243; shift_y=&#8220;0&#8243; shift_y_down=&#8220;0&#8243; z_index=&#8220;0&#8243; medium_width=&#8220;0&#8243; mobile_width=&#8220;0&#8243; width=&#8220;1\/1&#8243; uncode_shortcode_id=&#8220;105442&#8243;][vc_row_inner][vc_column_inner width=&#8220;2\/3&#8243;][vc_custom_heading heading_semantic=&#8220;h3&#8243; text_size=&#8220;h3&#8243; uncode_shortcode_id=&#8220;122102&#8243;]Syst\u00e9my a dizajn[\/vc_custom_heading][vc_column_text uncode_shortcode_id=&#8220;170159&#8243;]N\u00e1vrh zasne\u017eovac\u00edch syst\u00e9mov v spolo\u010dnosti SUPERSNOW je proces zalo\u017een\u00fd na anal\u00fdze miestnych podmienok, kontrole v ter\u00e9ne a individu\u00e1lnom v\u00fdbere technick\u00fdch komponentov, ktor\u00fd vedie t\u00edm in\u017einierov \u0161pecializuj\u00facich sa na hydrauliku, automatiz\u00e1ciu, elektrotechniku a komunik\u00e1ciu.[\/vc_column_text][\/vc_column_inner][vc_column_inner width=&#8220;1\/3&#8243;][\/vc_column_inner][\/vc_row_inner][vc_single_image media=&#8220;17&#8243; media_width_percent=&#8220;100&#8243; uncode_shortcode_id=&#8220;206338&#8243;][vc_row_inner][vc_column_inner column_width_percent=&#8220;100&#8243; position_vertical=&#8220;justify&#8220; align_horizontal=&#8220;align_center&#8220; gutter_size=&#8220;2&#8243; overlay_alpha=&#8220;50&#8243; shadow=&#8220;sm&#8220; shift_x=&#8220;0&#8243; shift_y=&#8220;0&#8243; shift_y_down=&#8220;0&#8243; z_index=&#8220;0&#8243; medium_width=&#8220;0&#8243; mobile_width=&#8220;0&#8243; width=&#8220;1\/4&#8243; uncode_shortcode_id=&#8220;655595&#8243; css=&#8220;.vc_custom_1758274322975{padding-top: 20px !important;padding-right: 10px !important;padding-bottom: 20px !important;padding-left: 10px !important;}&#8220;][vc_custom_heading heading_semantic=&#8220;h5&#8243; text_size=&#8220;h5&#8243; uncode_shortcode_id=&#8220;209950&#8243;]zasne\u017eovacie syst\u00e9my:[\/vc_custom_heading][vc_column_text text_lead=&#8220;small&#8220; uncode_shortcode_id=&#8220;114365&#8243;]Kompletn\u00e1 infra\u0161trukt\u00fara pre spo\u013eahliv\u00fa v\u00fdrobu technick\u00e9ho snehu.[\/vc_column_text][vc_button size=&#8220;btn-sm&#8220; outline=&#8220;yes&#8220; border_width=&#8220;0&#8243; uncode_shortcode_id=&#8220;195639&#8243;]Zistite viac[\/vc_button][\/vc_column_inner][vc_column_inner column_width_percent=&#8220;100&#8243; position_vertical=&#8220;justify&#8220; align_horizontal=&#8220;align_center&#8220; gutter_size=&#8220;2&#8243; overlay_alpha=&#8220;50&#8243; shadow=&#8220;sm&#8220; shift_x=&#8220;0&#8243; shift_y=&#8220;0&#8243; shift_y_down=&#8220;0&#8243; z_index=&#8220;0&#8243; medium_width=&#8220;0&#8243; mobile_width=&#8220;0&#8243; width=&#8220;1\/4&#8243; uncode_shortcode_id=&#8220;149039&#8243; css=&#8220;.vc_custom_1758274638216{padding-top: 20px !important;padding-right: 10px !important;padding-bottom: 20px !important;padding-left: 10px !important;}&#8220;][vc_custom_heading heading_semantic=&#8220;h5&#8243; text_size=&#8220;h5&#8243; uncode_shortcode_id=&#8220;998264&#8243;]N\u00e1vrh syst\u00e9mu:[\/vc_custom_heading][vc_column_text text_lead=&#8220;small&#8220; uncode_shortcode_id=&#8220;572488&#8243;]Navrhovanie zasne\u017eovac\u00edch zariaden\u00ed pod\u013ea podmienok a potrieb z\u00e1kazn\u00edka.[\/vc_column_text][vc_button size=&#8220;btn-sm&#8220; outline=&#8220;yes&#8220; border_width=&#8220;0&#8243; uncode_shortcode_id=&#8220;195639&#8243;]Zistite viac[\/vc_button][\/vc_column_inner][vc_column_inner column_width_percent=&#8220;100&#8243; position_vertical=&#8220;justify&#8220; align_horizontal=&#8220;align_center&#8220; gutter_size=&#8220;2&#8243; overlay_alpha=&#8220;50&#8243; shadow=&#8220;sm&#8220; shift_x=&#8220;0&#8243; shift_y=&#8220;0&#8243; shift_y_down=&#8220;0&#8243; z_index=&#8220;0&#8243; medium_width=&#8220;0&#8243; mobile_width=&#8220;0&#8243; width=&#8220;1\/4&#8243; uncode_shortcode_id=&#8220;113900&#8243; css=&#8220;.vc_custom_1758274642452{padding-top: 20px !important;padding-right: 10px !important;padding-bottom: 20px !important;padding-left: 10px !important;}&#8220;][vc_custom_heading heading_semantic=&#8220;h5&#8243; text_size=&#8220;h5&#8243; uncode_shortcode_id=&#8220;195063&#8243;]Navrhovanie svahov\u00fdch profilov:[\/vc_custom_heading][vc_column_text text_lead=&#8220;small&#8220; uncode_shortcode_id=&#8220;165938&#8243;]Tvarovanie ly\u017eiarskych trat\u00ed s oh\u013eadom na optim\u00e1lny priebeh a sklon.[\/vc_column_text][vc_button size=&#8220;btn-sm&#8220; outline=&#8220;yes&#8220; border_width=&#8220;0&#8243; uncode_shortcode_id=&#8220;195639&#8243;]Zistite viac[\/vc_button][\/vc_column_inner][vc_column_inner column_width_percent=&#8220;100&#8243; position_vertical=&#8220;justify&#8220; align_horizontal=&#8220;align_center&#8220; gutter_size=&#8220;2&#8243; overlay_alpha=&#8220;50&#8243; shadow=&#8220;sm&#8220; shift_x=&#8220;0&#8243; shift_y=&#8220;0&#8243; shift_y_down=&#8220;0&#8243; z_index=&#8220;0&#8243; medium_width=&#8220;0&#8243; mobile_width=&#8220;0&#8243; width=&#8220;1\/4&#8243; uncode_shortcode_id=&#8220;661031&#8243; css=&#8220;.vc_custom_1758274645938{padding-top: 20px !important;padding-right: 10px !important;padding-bottom: 20px !important;padding-left: 10px !important;}&#8220;][vc_custom_heading heading_semantic=&#8220;h5&#8243; text_size=&#8220;h5&#8243; uncode_shortcode_id=&#8220;130291&#8243;]Centr\u00e1lne vzduchotechnick\u00e9 syst\u00e9my:[\/vc_custom_heading][vc_column_text text_lead=&#8220;small&#8220; uncode_shortcode_id=&#8220;603035&#8243;]Syst\u00e9my stla\u010den\u00e9ho vzduchu, ktor\u00e9 na svahoch z\u00e1sobuj\u00fa sne\u017en\u00e9 del\u00e1 a lan\u00e1.[\/vc_column_text][vc_button size=&#8220;btn-sm&#8220; outline=&#8220;yes&#8220; border_width=&#8220;0&#8243; uncode_shortcode_id=&#8220;195639&#8243;]Zistite viac[\/vc_button][\/vc_column_inner][\/vc_row_inner][vc_row_inner][vc_column_inner column_width_percent=&#8220;100&#8243; position_vertical=&#8220;justify&#8220; align_horizontal=&#8220;align_center&#8220; gutter_size=&#8220;2&#8243; overlay_alpha=&#8220;4&#8243; shadow=&#8220;sm&#8220; shift_x=&#8220;0&#8243; shift_y=&#8220;0&#8243; shift_y_down=&#8220;0&#8243; z_index=&#8220;0&#8243; medium_width=&#8220;0&#8243; mobile_width=&#8220;0&#8243; width=&#8220;1\/4&#8243; uncode_shortcode_id=&#8220;167059&#8243; css=&#8220;.vc_custom_1758274650493{padding-top: 20px !important;padding-right: 10px !important;padding-bottom: 20px !important;padding-left: 10px !important;}&#8220;][vc_custom_heading heading_semantic=&#8220;h5&#8243; text_size=&#8220;h5&#8243; uncode_shortcode_id=&#8220;106671&#8243;]Elektrick\u00e9 siete Nastok:[\/vc_custom_heading][vc_column_text text_lead=&#8220;small&#8220; uncode_shortcode_id=&#8220;637804&#8243;]Z\u00e1sobovanie zasne\u017eovac\u00edch zariaden\u00ed prostredn\u00edctvom distribuovan\u00fdch elektrick\u00fdch siet\u00ed.[\/vc_column_text][vc_button size=&#8220;btn-sm&#8220; outline=&#8220;yes&#8220; border_width=&#8220;0&#8243; uncode_shortcode_id=&#8220;195639&#8243;]Zistite viac[\/vc_button][\/vc_column_inner][vc_column_inner column_width_percent=&#8220;100&#8243; position_vertical=&#8220;justify&#8220; align_horizontal=&#8220;align_center&#8220; gutter_size=&#8220;2&#8243; overlay_alpha=&#8220;50&#8243; shadow=&#8220;sm&#8220; shift_x=&#8220;0&#8243; shift_y=&#8220;0&#8243; shift_y_down=&#8220;0&#8243; z_index=&#8220;0&#8243; medium_width=&#8220;0&#8243; mobile_width=&#8220;0&#8243; width=&#8220;1\/4&#8243; uncode_shortcode_id=&#8220;107445&#8243; css=&#8220;.vc_custom_1758274654160{padding-top: 20px !important;padding-right: 10px !important;padding-bottom: 20px !important;padding-left: 10px !important;}&#8220;][vc_custom_heading heading_semantic=&#8220;h5&#8243; text_size=&#8220;h5&#8243; uncode_shortcode_id=&#8220;575870&#8243;]Wells:[\/vc_custom_heading][vc_column_text text_lead=&#8220;small&#8220; uncode_shortcode_id=&#8220;194440&#8243;]Vodn\u00e9 body navrhnut\u00e9 s oh\u013eadom na zasne\u017eovacie syst\u00e9my.[\/vc_column_text][vc_button size=&#8220;btn-sm&#8220; outline=&#8220;yes&#8220; border_width=&#8220;0&#8243; uncode_shortcode_id=&#8220;195639&#8243;]Zistite viac[\/vc_button][\/vc_column_inner][vc_column_inner column_width_percent=&#8220;100&#8243; position_vertical=&#8220;justify&#8220; align_horizontal=&#8220;align_center&#8220; gutter_size=&#8220;2&#8243; overlay_alpha=&#8220;50&#8243; shadow=&#8220;sm&#8220; shift_x=&#8220;0&#8243; shift_y=&#8220;0&#8243; shift_y_down=&#8220;0&#8243; z_index=&#8220;0&#8243; medium_width=&#8220;0&#8243; mobile_width=&#8220;0&#8243; width=&#8220;1\/4&#8243; uncode_shortcode_id=&#8220;203798&#8243; css=&#8220;.vc_custom_1758274658046{padding-top: 20px !important;padding-right: 10px !important;padding-bottom: 20px !important;padding-left: 10px !important;}&#8220;][vc_custom_heading heading_semantic=&#8220;h5&#8243; text_size=&#8220;h5&#8243; uncode_shortcode_id=&#8220;160864&#8243;]V\u00fdlo\u017en\u00edky a ty\u010de:[\/vc_custom_heading][vc_column_text text_lead=&#8220;small&#8220; uncode_shortcode_id=&#8220;580287&#8243;]Podporn\u00e9 kon\u0161trukcie na in\u0161tal\u00e1ciu zasne\u017eovac\u00edch zariaden\u00ed na zjazdovk\u00e1ch.[\/vc_column_text][vc_button size=&#8220;btn-sm&#8220; outline=&#8220;yes&#8220; border_width=&#8220;0&#8243; uncode_shortcode_id=&#8220;195639&#8243;]Zistite viac[\/vc_button][\/vc_column_inner][vc_column_inner column_width_percent=&#8220;100&#8243; position_vertical=&#8220;justify&#8220; align_horizontal=&#8220;align_center&#8220; gutter_size=&#8220;3&#8243; overlay_alpha=&#8220;50&#8243; shift_x=&#8220;0&#8243; shift_y=&#8220;0&#8243; shift_y_down=&#8220;0&#8243; z_index=&#8220;0&#8243; medium_width=&#8220;0&#8243; mobile_width=&#8220;0&#8243; width=&#8220;1\/4&#8243; uncode_shortcode_id=&#8220;159982&#8243;][\/vc_column_inner][\/vc_row_inner][\/vc_column][\/vc_row][vc_row][vc_column column_width_percent=&#8220;100&#8243; align_horizontal=&#8220;align_center&#8220; gutter_size=&#8220;4&#8243; overlay_alpha=&#8220;50&#8243; shift_x=&#8220;0&#8243; shift_y=&#8220;0&#8243; shift_y_down=&#8220;0&#8243; z_index=&#8220;0&#8243; medium_width=&#8220;0&#8243; mobile_width=&#8220;0&#8243; width=&#8220;1\/1&#8243; uncode_shortcode_id=&#8220;106957&#8243;][vc_row_inner][vc_column_inner width=&#8220;2\/3&#8243;][vc_custom_heading heading_semantic=&#8220;h3&#8243; text_size=&#8220;h3&#8243; uncode_shortcode_id=&#8220;190155&#8243;]Voda[\/vc_custom_heading][vc_column_text uncode_shortcode_id=&#8220;159576&#8243;]Voda je k\u013e\u00fa\u010dov\u00fdm m\u00e9diom v syst\u00e9me zasne\u017eovania &#8211; jej dostupnos\u0165, kvalita a tlak priamo ovplyv\u0148uj\u00fa \u00fa\u010dinnos\u0165 v\u00fdroby technick\u00e9ho snehu. Spolo\u010dnos\u0165 SUPERSNOW kladie ve\u013ek\u00fd d\u00f4raz na reten\u010dn\u00e9 rie\u0161enia, ktor\u00e9 umo\u017e\u0148uj\u00fa vodu zhroma\u017e\u010fova\u0165, upravova\u0165 a op\u00e4tovne vyu\u017e\u00edva\u0165, ako aj prirodzene recyklova\u0165 po obdob\u00ed topenia snehu.[\/vc_column_text][\/vc_column_inner][vc_column_inner width=&#8220;1\/3&#8243;][\/vc_column_inner][\/vc_row_inner][vc_single_image media=&#8220;17&#8243; media_width_percent=&#8220;100&#8243; uncode_shortcode_id=&#8220;206338&#8243;][vc_row_inner row_inner_height_percent=&#8220;0&#8243; overlay_alpha=&#8220;50&#8243; gutter_size=&#8220;4&#8243; shift_y=&#8220;0&#8243; z_index=&#8220;0&#8243; uncode_shortcode_id=&#8220;135492&#8243;][vc_column_inner column_width_percent=&#8220;100&#8243; align_horizontal=&#8220;align_center&#8220; gutter_size=&#8220;3&#8243; override_padding=&#8220;yes&#8220; column_padding=&#8220;2&#8243; overlay_alpha=&#8220;50&#8243; shadow=&#8220;sm&#8220; shift_x=&#8220;0&#8243; shift_y=&#8220;0&#8243; shift_y_down=&#8220;0&#8243; z_index=&#8220;0&#8243; medium_width=&#8220;0&#8243; mobile_width=&#8220;0&#8243; width=&#8220;1\/3&#8243; uncode_shortcode_id=&#8220;200129&#8243;][vc_custom_heading heading_semantic=&#8220;h5&#8243; text_size=&#8220;h5&#8243; uncode_shortcode_id=&#8220;193022&#8243;]Vodn\u00e9 n\u00e1dr\u017ee:[\/vc_custom_heading][vc_column_text text_lead=&#8220;small&#8220; uncode_shortcode_id=&#8220;206351&#8243;]Skladovanie vody na zasne\u017eovanie s prihliadnut\u00edm na retenciu a miestne podmienky.[\/vc_column_text][\/vc_column_inner][vc_column_inner column_width_percent=&#8220;100&#8243; align_horizontal=&#8220;align_center&#8220; gutter_size=&#8220;3&#8243; override_padding=&#8220;yes&#8220; column_padding=&#8220;2&#8243; overlay_alpha=&#8220;50&#8243; shadow=&#8220;sm&#8220; shift_x=&#8220;0&#8243; shift_y=&#8220;0&#8243; shift_y_down=&#8220;0&#8243; z_index=&#8220;0&#8243; medium_width=&#8220;0&#8243; mobile_width=&#8220;0&#8243; width=&#8220;1\/3&#8243; uncode_shortcode_id=&#8220;686903&#8243;][vc_custom_heading heading_semantic=&#8220;h5&#8243; text_size=&#8220;h5&#8243; uncode_shortcode_id=&#8220;655585&#8243;]R\u00fary:[\/vc_custom_heading][vc_column_text text_lead=&#8220;small&#8220; uncode_shortcode_id=&#8220;983045&#8243;]Odoln\u00e9 liatinov\u00e9 r\u00fary zna\u010dky TRM, odoln\u00e9 vo\u010di tlaku a ter\u00e9nnym podmienkam na svahoch.[\/vc_column_text][\/vc_column_inner][vc_column_inner column_width_percent=&#8220;100&#8243; align_horizontal=&#8220;align_center&#8220; gutter_size=&#8220;3&#8243; override_padding=&#8220;yes&#8220; column_padding=&#8220;2&#8243; overlay_alpha=&#8220;50&#8243; shadow=&#8220;sm&#8220; shift_x=&#8220;0&#8243; shift_y=&#8220;0&#8243; shift_y_down=&#8220;0&#8243; z_index=&#8220;0&#8243; medium_width=&#8220;0&#8243; mobile_width=&#8220;0&#8243; width=&#8220;1\/3&#8243; uncode_shortcode_id=&#8220;152235&#8243;][vc_custom_heading heading_semantic=&#8220;h5&#8243; text_size=&#8220;h5&#8243; uncode_shortcode_id=&#8220;772664&#8243;]\u010cerpacie stanice:[\/vc_custom_heading][vc_column_text text_lead=&#8220;small&#8220; uncode_shortcode_id=&#8220;976700&#8243;]Centr\u00e1lne z\u00e1sobovacie miesta pre vysokotlakov\u00fa vodu pre zasne\u017eovacie syst\u00e9my.[\/vc_column_text][\/vc_column_inner][\/vc_row_inner][vc_row_inner row_inner_height_percent=&#8220;0&#8243; overlay_alpha=&#8220;50&#8243; gutter_size=&#8220;4&#8243; shift_y=&#8220;0&#8243; z_index=&#8220;0&#8243; uncode_shortcode_id=&#8220;135492&#8243;][vc_column_inner column_width_percent=&#8220;100&#8243; align_horizontal=&#8220;align_center&#8220; gutter_size=&#8220;3&#8243; override_padding=&#8220;yes&#8220; column_padding=&#8220;2&#8243; overlay_alpha=&#8220;50&#8243; shadow=&#8220;sm&#8220; shift_x=&#8220;0&#8243; shift_y=&#8220;0&#8243; shift_y_down=&#8220;0&#8243; z_index=&#8220;0&#8243; medium_width=&#8220;0&#8243; mobile_width=&#8220;0&#8243; width=&#8220;1\/3&#8243; uncode_shortcode_id=&#8220;200129&#8243;][vc_custom_heading heading_semantic=&#8220;h5&#8243; text_size=&#8220;h5&#8243; uncode_shortcode_id=&#8220;106220&#8243;]Mobiln\u00e9 \u010derpacie stanice:[\/vc_custom_heading][vc_column_text text_lead=&#8220;small&#8220; uncode_shortcode_id=&#8220;144452&#8243;]\u010cerpacie moduly pripraven\u00e9 na pr\u00e1cu v kontajneri, ide\u00e1lne do n\u00e1ro\u010dn\u00e9ho ter\u00e9nu.[\/vc_column_text][\/vc_column_inner][vc_column_inner column_width_percent=&#8220;100&#8243; align_horizontal=&#8220;align_center&#8220; gutter_size=&#8220;3&#8243; override_padding=&#8220;yes&#8220; column_padding=&#8220;2&#8243; overlay_alpha=&#8220;50&#8243; shadow=&#8220;sm&#8220; shift_x=&#8220;0&#8243; shift_y=&#8220;0&#8243; shift_y_down=&#8220;0&#8243; z_index=&#8220;0&#8243; medium_width=&#8220;0&#8243; mobile_width=&#8220;0&#8243; width=&#8220;1\/3&#8243; uncode_shortcode_id=&#8220;686903&#8243;][vc_custom_heading heading_semantic=&#8220;h5&#8243; text_size=&#8220;h5&#8243; uncode_shortcode_id=&#8220;929194&#8243;]Chladiace ve\u017ee:[\/vc_custom_heading][vc_column_text text_lead=&#8220;small&#8220; uncode_shortcode_id=&#8220;104946&#8243;]Chladenie nap\u00e1jacej vody syst\u00e9mu, \u010d\u00edm sa zvy\u0161uje \u00fa\u010dinnos\u0165 zasne\u017eovania.[\/vc_column_text][\/vc_column_inner][vc_column_inner column_width_percent=&#8220;100&#8243; align_horizontal=&#8220;align_center&#8220; gutter_size=&#8220;3&#8243; override_padding=&#8220;yes&#8220; column_padding=&#8220;2&#8243; overlay_alpha=&#8220;50&#8243; shadow=&#8220;sm&#8220; shift_x=&#8220;0&#8243; shift_y=&#8220;0&#8243; shift_y_down=&#8220;0&#8243; z_index=&#8220;0&#8243; medium_width=&#8220;0&#8243; mobile_width=&#8220;0&#8243; width=&#8220;1\/3&#8243; uncode_shortcode_id=&#8220;152235&#8243;][vc_custom_heading heading_semantic=&#8220;h5&#8243; text_size=&#8220;h5&#8243; uncode_shortcode_id=&#8220;146530&#8243;]Filtra\u010dn\u00e9 syst\u00e9my:[\/vc_custom_heading][vc_column_text text_lead=&#8220;small&#8220; uncode_shortcode_id=&#8220;105801&#8243;]\u010cistenie vody od kontaminantov na ochranu kan\u00f3nov a s\u00fa\u010dast\u00ed syst\u00e9mu.[\/vc_column_text][\/vc_column_inner][\/vc_row_inner][\/vc_column][\/vc_row]<\/p>\n<\/div>","protected":false},"excerpt":{"rendered":"<p>[vc_row row_height_percent=&#8220;0&#8243; overlay_alpha=&#8220;50&#8243; gutter_size=&#8220;3&#8243; column_width_percent=&#8220;100&#8243; shift_y=&#8220;0&#8243; z_index=&#8220;0&#8243; content_parallax=&#8220;0&#8243; uncode_shortcode_id=&#8220;818396&#8243; row_height_pixel=&#8220;574px&#8220;][vc_column width=&#8220;1\/1&#8243;][vc_row_inner][vc_column_inner column_width_percent=&#8220;100&#8243; align_horizontal=&#8220;align_center&#8220; gutter_size=&#8220;3&#8243; overlay_alpha=&#8220;50&#8243; shift_x=&#8220;0&#8243; shift_y=&#8220;0&#8243; shift_y_down=&#8220;0&#8243; z_index=&#8220;0&#8243; medium_width=&#8220;0&#8243; [&hellip;]<\/p>\n","protected":false},"author":2,"featured_media":0,"parent":0,"menu_order":0,"comment_status":"closed","ping_status":"closed","template":"","meta":{"_acf_changed":false,"footnotes":""},"class_list":["post-160476","page","type-page","status-publish","hentry"],"acf":[],"_links":{"self":[{"href":"https:\/\/www.supersnow.com\/sk\/wp-json\/wp\/v2\/pages\/160476","targetHints":{"allow":["GET"]}}],"collection":[{"href":"https:\/\/www.supersnow.com\/sk\/wp-json\/wp\/v2\/pages"}],"about":[{"href":"https:\/\/www.supersnow.com\/sk\/wp-json\/wp\/v2\/types\/page"}],"author":[{"embeddable":true,"href":"https:\/\/www.supersnow.com\/sk\/wp-json\/wp\/v2\/users\/2"}],"replies":[{"embeddable":true,"href":"https:\/\/www.supersnow.com\/sk\/wp-json\/wp\/v2\/comments?post=160476"}],"version-history":[{"count":3,"href":"https:\/\/www.supersnow.com\/sk\/wp-json\/wp\/v2\/pages\/160476\/revisions"}],"predecessor-version":[{"id":160481,"href":"https:\/\/www.supersnow.com\/sk\/wp-json\/wp\/v2\/pages\/160476\/revisions\/160481"}],"wp:attachment":[{"href":"https:\/\/www.supersnow.com\/sk\/wp-json\/wp\/v2\/media?parent=160476"}],"curies":[{"name":"wp","href":"https:\/\/api.w.org\/{rel}","templated":true}]}}